{"id":100,"date":"2024-10-08T21:48:45","date_gmt":"2024-10-08T21:48:45","guid":{"rendered":"https:\/\/ambition21.fr\/?page_id=100"},"modified":"2025-02-27T11:46:32","modified_gmt":"2025-02-27T11:46:32","slug":"contact","status":"publish","type":"page","link":"https:\/\/ambition21.fr\/?page_id=100","title":{"rendered":"Contact"},"content":{"rendered":"\n<div class=\"wp-block-uagb-forms uagb-forms__outer-wrap uagb-block-655851e3 uagb-forms__medium-btn\"><form class=\"uagb-forms-main-form\" method=\"post\" autocomplete=\"on\" name=\"uagb-form-655851e3\">\n<div class=\"wp-block-uagb-forms-name uagb-forms-name-wrap uagb-forms-field-set uagb-block-afee6760\"><div class=\"uagb-forms-name-label required uagb-forms-input-label\" id=\"afee6760\">\u00c9tablissement<\/div><input type=\"text\" placeholder=\"Lyc\u00e9e\/Coll\u00e8ge\" required class=\"uagb-forms-name-input uagb-forms-input\" name=\"afee6760\" autocomplete=\"given-name\"\/><\/div>\n\n\n\n<div class=\"wp-block-uagb-forms-name uagb-forms-name-wrap uagb-forms-field-set uagb-block-bab975ae\"><div class=\"uagb-forms-name-label required uagb-forms-input-label\" id=\"bab975ae\">Pr\u00e9nom<\/div><input type=\"text\" placeholder=\"John\" required class=\"uagb-forms-name-input uagb-forms-input\" name=\"bab975ae\" autocomplete=\"given-name\"\/><\/div>\n\n\n\n<div class=\"wp-block-uagb-forms-name uagb-forms-name-wrap uagb-forms-field-set uagb-block-9947ccec\"><div class=\"uagb-forms-name-label required uagb-forms-input-label\" id=\"9947ccec\">Nom<\/div><input type=\"text\" placeholder=\"Dupont\" required class=\"uagb-forms-name-input uagb-forms-input\" name=\"9947ccec\" autocomplete=\"family-name\"\/><\/div>\n\n\n\n<div class=\"wp-block-uagb-forms-email uagb-forms-email-wrap uagb-forms-field-set uagb-block-af66e4f2\"><div class=\"uagb-forms-email-label required uagb-forms-input-label\" id=\"af66e4f2\">Email<\/div><input type=\"email\" class=\"uagb-forms-email-input uagb-forms-input\" placeholder=\"exemple@mail.fr\" required name=\"af66e4f2\" autocomplete=\"email\"\/><\/div>\n\n\n\n<div class=\"wp-block-uagb-forms-textarea uagb-forms-textarea-wrap uagb-forms-field-set uagb-block-2110c522\"><div class=\"uagb-forms-textarea-label required uagb-forms-input-label\" id=\"2110c522\">Message<\/div><textarea required class=\"uagb-forms-textarea-input uagb-forms-input\" rows=\"5\" placeholder=\"Entrer votre message\" name=\"2110c522\" autocomplete=\"off\"><\/textarea><\/div>\n<div class=\"uagb-forms-form-hidden-data\"><input type=\"hidden\" class=\"uagb_forms_form_label\" value=\"Spectra Form\"\/><input type=\"hidden\" class=\"uagb_forms_form_id\" value=\"uagb-form-655851e3\"\/><\/div><div class=\"uagb-form-reacaptcha-error-655851e3\"><\/div><div class=\"uagb-forms-main-submit-button-wrap wp-block-button\"><button class=\"uagb-forms-main-submit-button wp-block-button__link\"><div class=\"uagb-forms-main-submit-button-text\">Soumettre<\/div><\/button><\/div><\/form><div class=\"uagb-forms-success-message-655851e3 uagb-forms-submit-message-hide\"><span>Le formulaire a \u00e9t\u00e9 soumis avec succ\u00e8s !<\/span><\/div><div class=\"uagb-forms-failed-message-655851e3 uagb-forms-submit-message-hide\"><span>Il y a eu une erreur lors de l\u2019envoi du formulaire. V\u00e9rifiez \u00e0 nouveau tous les champs du formulaire.<\/span><\/div><\/div>\n\n\n\n<p><\/p>\n","protected":false},"excerpt":{"rendered":"","protected":false},"author":2,"featured_media":0,"parent":0,"menu_order":0,"comment_status":"closed","ping_status":"closed","template":"","meta":{"_uag_custom_page_level_css":"","site-sidebar-layout":"default","site-content-layout":"","ast-site-content-layout":"","site-content-style":"default","site-sidebar-style":"default","ast-global-header-display":"","ast-banner-title-visibility":"","ast-main-header-display":"","ast-hfb-above-header-display":"","ast-hfb-below-header-display":"","ast-hfb-mobile-header-display":"","site-post-title":"","ast-breadcrumbs-content":"","ast-featured-img":"","footer-sml-layout":"","theme-transparent-header-meta":"","adv-header-id-meta":"","stick-header-meta":"","header-above-stick-meta":"","header-main-stick-meta":"","header-below-stick-meta":"","astra-migrate-meta-layouts":"default","ast-page-background-enabled":"default","ast-page-background-meta":{"desktop":{"background-color":"var(--ast-global-color-4)","background-image":"","background-repeat":"repeat","background-position":"center center","background-size":"auto","background-attachment":"scroll","background-type":"","background-media":"","overlay-type":"","overlay-color":"","overlay-opacity":"","overlay-gradient":""},"tablet":{"background-color":"","background-image":"","background-repeat":"repeat","background-position":"center center","background-size":"auto","background-attachment":"scroll","background-type":"","background-media":"","overlay-type":"","overlay-color":"","overlay-opacity":"","overlay-gradient":""},"mobile":{"background-color":"","background-image":"","background-repeat":"repeat","background-position":"center center","background-size":"auto","background-attachment":"scroll","background-type":"","background-media":"","overlay-type":"","overlay-color":"","overlay-opacity":"","overlay-gradient":""}},"ast-content-background-meta":{"desktop":{"background-color":"var(--ast-global-color-5)","background-image":"","background-repeat":"repeat","background-position":"center center","background-size":"auto","background-attachment":"scroll","background-type":"","background-media":"","overlay-type":"","overlay-color":"","overlay-opacity":"","overlay-gradient":""},"tablet":{"background-color":"var(--ast-global-color-5)","background-image":"","background-repeat":"repeat","background-position":"center center","background-size":"auto","background-attachment":"scroll","background-type":"","background-media":"","overlay-type":"","overlay-color":"","overlay-opacity":"","overlay-gradient":""},"mobile":{"background-color":"var(--ast-global-color-5)","background-image":"","background-repeat":"repeat","background-position":"center center","background-size":"auto","background-attachment":"scroll","background-type":"","background-media":"","overlay-type":"","overlay-color":"","overlay-opacity":"","overlay-gradient":""}},"footnotes":""},"class_list":["post-100","page","type-page","status-publish","hentry"],"yoast_head":"<!-- This site is optimized with the Yoast SEO plugin v24.5 - https:\/\/yoast.com\/wordpress\/plugins\/seo\/ -->\n<title>Contact -<\/title>\n<meta name=\"robots\" content=\"index, follow, max-snippet:-1, max-image-preview:large, max-video-preview:-1\" \/>\n<link rel=\"canonical\" href=\"https:\/\/ambition21.fr\/?page_id=100\" \/>\n<meta property=\"og:locale\" content=\"fr_FR\" \/>\n<meta property=\"og:type\" content=\"article\" \/>\n<meta property=\"og:title\" content=\"Contact -\" \/>\n<meta property=\"og:url\" content=\"https:\/\/ambition21.fr\/?page_id=100\" \/>\n<meta property=\"article:modified_time\" content=\"2025-02-27T11:46:32+00:00\" \/>\n<meta property=\"og:image\" content=\"https:\/\/ambition21.fr\/wp-content\/uploads\/2025\/03\/logo-ambition-21.png\" \/>\n\t<meta property=\"og:image:width\" content=\"3283\" \/>\n\t<meta property=\"og:image:height\" content=\"701\" \/>\n\t<meta property=\"og:image:type\" content=\"image\/png\" \/>\n<meta name=\"twitter:card\" content=\"summary_large_image\" \/>\n<meta name=\"twitter:label1\" content=\"Dur\u00e9e de lecture estim\u00e9e\" \/>\n\t<meta name=\"twitter:data1\" content=\"1 minute\" \/>\n<script type=\"application\/ld+json\" class=\"yoast-schema-graph\">{\"@context\":\"https:\/\/schema.org\",\"@graph\":[{\"@type\":\"WebPage\",\"@id\":\"https:\/\/ambition21.fr\/?page_id=100\",\"url\":\"https:\/\/ambition21.fr\/?page_id=100\",\"name\":\"Contact -\",\"isPartOf\":{\"@id\":\"https:\/\/ambition21.fr\/#website\"},\"datePublished\":\"2024-10-08T21:48:45+00:00\",\"dateModified\":\"2025-02-27T11:46:32+00:00\",\"breadcrumb\":{\"@id\":\"https:\/\/ambition21.fr\/?page_id=100#breadcrumb\"},\"inLanguage\":\"fr-FR\",\"potentialAction\":[{\"@type\":\"ReadAction\",\"target\":[\"https:\/\/ambition21.fr\/?page_id=100\"]}]},{\"@type\":\"BreadcrumbList\",\"@id\":\"https:\/\/ambition21.fr\/?page_id=100#breadcrumb\",\"itemListElement\":[{\"@type\":\"ListItem\",\"position\":1,\"name\":\"Accueil\",\"item\":\"https:\/\/ambition21.fr\/\"},{\"@type\":\"ListItem\",\"position\":2,\"name\":\"Contact\"}]},{\"@type\":\"WebSite\",\"@id\":\"https:\/\/ambition21.fr\/#website\",\"url\":\"https:\/\/ambition21.fr\/\",\"name\":\"Ambition 21\",\"description\":\"Former tous les talents aux comp\u00e9tences du 21\u00e8me s\u00e8cle\",\"publisher\":{\"@id\":\"https:\/\/ambition21.fr\/#organization\"},\"potentialAction\":[{\"@type\":\"SearchAction\",\"target\":{\"@type\":\"EntryPoint\",\"urlTemplate\":\"https:\/\/ambition21.fr\/?s={search_term_string}\"},\"query-input\":{\"@type\":\"PropertyValueSpecification\",\"valueRequired\":true,\"valueName\":\"search_term_string\"}}],\"inLanguage\":\"fr-FR\"},{\"@type\":\"Organization\",\"@id\":\"https:\/\/ambition21.fr\/#organization\",\"name\":\"Ambition 21\",\"url\":\"https:\/\/ambition21.fr\/\",\"logo\":{\"@type\":\"ImageObject\",\"inLanguage\":\"fr-FR\",\"@id\":\"https:\/\/ambition21.fr\/#\/schema\/logo\/image\/\",\"url\":\"https:\/\/ambition21.fr\/wp-content\/uploads\/2024\/10\/cropped-logo-site-1.png\",\"contentUrl\":\"https:\/\/ambition21.fr\/wp-content\/uploads\/2024\/10\/cropped-logo-site-1.png\",\"width\":743,\"height\":136,\"caption\":\"Ambition 21\"},\"image\":{\"@id\":\"https:\/\/ambition21.fr\/#\/schema\/logo\/image\/\"}}]}<\/script>\n<!-- \/ Yoast SEO plugin. -->","yoast_head_json":{"title":"Contact -","robots":{"index":"index","follow":"follow","max-snippet":"max-snippet:-1","max-image-preview":"max-image-preview:large","max-video-preview":"max-video-preview:-1"},"canonical":"https:\/\/ambition21.fr\/?page_id=100","og_locale":"fr_FR","og_type":"article","og_title":"Contact -","og_url":"https:\/\/ambition21.fr\/?page_id=100","article_modified_time":"2025-02-27T11:46:32+00:00","og_image":[{"width":3283,"height":701,"url":"https:\/\/ambition21.fr\/wp-content\/uploads\/2025\/03\/logo-ambition-21.png","type":"image\/png"}],"twitter_card":"summary_large_image","twitter_misc":{"Dur\u00e9e de lecture estim\u00e9e":"1 minute"},"schema":{"@context":"https:\/\/schema.org","@graph":[{"@type":"WebPage","@id":"https:\/\/ambition21.fr\/?page_id=100","url":"https:\/\/ambition21.fr\/?page_id=100","name":"Contact -","isPartOf":{"@id":"https:\/\/ambition21.fr\/#website"},"datePublished":"2024-10-08T21:48:45+00:00","dateModified":"2025-02-27T11:46:32+00:00","breadcrumb":{"@id":"https:\/\/ambition21.fr\/?page_id=100#breadcrumb"},"inLanguage":"fr-FR","potentialAction":[{"@type":"ReadAction","target":["https:\/\/ambition21.fr\/?page_id=100"]}]},{"@type":"BreadcrumbList","@id":"https:\/\/ambition21.fr\/?page_id=100#breadcrumb","itemListElement":[{"@type":"ListItem","position":1,"name":"Accueil","item":"https:\/\/ambition21.fr\/"},{"@type":"ListItem","position":2,"name":"Contact"}]},{"@type":"WebSite","@id":"https:\/\/ambition21.fr\/#website","url":"https:\/\/ambition21.fr\/","name":"Ambition 21","description":"Former tous les talents aux comp\u00e9tences du 21\u00e8me s\u00e8cle","publisher":{"@id":"https:\/\/ambition21.fr\/#organization"},"potentialAction":[{"@type":"SearchAction","target":{"@type":"EntryPoint","urlTemplate":"https:\/\/ambition21.fr\/?s={search_term_string}"},"query-input":{"@type":"PropertyValueSpecification","valueRequired":true,"valueName":"search_term_string"}}],"inLanguage":"fr-FR"},{"@type":"Organization","@id":"https:\/\/ambition21.fr\/#organization","name":"Ambition 21","url":"https:\/\/ambition21.fr\/","logo":{"@type":"ImageObject","inLanguage":"fr-FR","@id":"https:\/\/ambition21.fr\/#\/schema\/logo\/image\/","url":"https:\/\/ambition21.fr\/wp-content\/uploads\/2024\/10\/cropped-logo-site-1.png","contentUrl":"https:\/\/ambition21.fr\/wp-content\/uploads\/2024\/10\/cropped-logo-site-1.png","width":743,"height":136,"caption":"Ambition 21"},"image":{"@id":"https:\/\/ambition21.fr\/#\/schema\/logo\/image\/"}}]}},"uagb_featured_image_src":{"full":false,"thumbnail":false,"medium":false,"medium_large":false,"large":false,"1536x1536":false,"2048x2048":false},"uagb_author_info":{"display_name":"Clarisse Perquin","author_link":"https:\/\/ambition21.fr\/?author=2"},"uagb_comment_info":0,"uagb_excerpt":null,"_links":{"self":[{"href":"https:\/\/ambition21.fr\/index.php?rest_route=\/wp\/v2\/pages\/100","targetHints":{"allow":["GET"]}}],"collection":[{"href":"https:\/\/ambition21.fr\/index.php?rest_route=\/wp\/v2\/pages"}],"about":[{"href":"https:\/\/ambition21.fr\/index.php?rest_route=\/wp\/v2\/types\/page"}],"author":[{"embeddable":true,"href":"https:\/\/ambition21.fr\/index.php?rest_route=\/wp\/v2\/users\/2"}],"replies":[{"embeddable":true,"href":"https:\/\/ambition21.fr\/index.php?rest_route=%2Fwp%2Fv2%2Fcomments&post=100"}],"version-history":[{"count":5,"href":"https:\/\/ambition21.fr\/index.php?rest_route=\/wp\/v2\/pages\/100\/revisions"}],"predecessor-version":[{"id":212,"href":"https:\/\/ambition21.fr\/index.php?rest_route=\/wp\/v2\/pages\/100\/revisions\/212"}],"wp:attachment":[{"href":"https:\/\/ambition21.fr\/index.php?rest_route=%2Fwp%2Fv2%2Fmedia&parent=100"}],"curies":[{"name":"wp","href":"https:\/\/api.w.org\/{rel}","templated":true}]}}