{"id":102,"date":"2024-10-13T19:50:13","date_gmt":"2024-10-13T19:50:13","guid":{"rendered":"https:\/\/ambition21.fr\/?page_id=102"},"modified":"2026-03-10T13:55:24","modified_gmt":"2026-03-10T13:55:24","slug":"lequipe-projet","status":"publish","type":"page","link":"https:\/\/ambition21.fr\/?page_id=102","title":{"rendered":"L&rsquo;\u00e9quipe projet"},"content":{"rendered":"\n<figure class=\"wp-block-image size-large is-resized\"><img loading=\"lazy\" decoding=\"async\" width=\"1024\" height=\"238\" src=\"https:\/\/ambition21.fr\/wp-content\/uploads\/2024\/11\/Nos-contacts-1024x238.png\" alt=\"\" class=\"wp-image-463\" style=\"width:1200px;height:auto\" srcset=\"https:\/\/ambition21.fr\/wp-content\/uploads\/2024\/11\/Nos-contacts-1024x238.png 1024w, https:\/\/ambition21.fr\/wp-content\/uploads\/2024\/11\/Nos-contacts-300x70.png 300w, https:\/\/ambition21.fr\/wp-content\/uploads\/2024\/11\/Nos-contacts-768x178.png 768w, https:\/\/ambition21.fr\/wp-content\/uploads\/2024\/11\/Nos-contacts.png 1414w\" sizes=\"auto, (max-width: 1024px) 100vw, 1024px\" \/><\/figure>\n\n\n\n<div class=\"wp-block-columns is-layout-flex wp-container-core-columns-is-layout-28f84493 wp-block-columns-is-layout-flex\">\n<div class=\"wp-block-column is-layout-flow wp-block-column-is-layout-flow\" style=\"flex-basis:100%\"><\/div>\n<\/div>\n\n\n\n<div class=\"wp-block-uagb-container uagb-block-546e627b alignwide uagb-is-root-container\">\n<div class=\"wp-block-uagb-container uagb-block-f3e8a618\">\n<div class=\"wp-block-uagb-team uagb-team__image-position-above uagb-team__align-center uagb-team__stack-tablet uagb-block-75808021\"><div class=\"uagb-team__content\"><img decoding=\"async\" class=\"uagb-team__image-crop-normal\" src=\"https:\/\/ambition21.fr\/wp-content\/uploads\/2024\/12\/Zoulfia-150x150.png\" alt=\"\" height=\"100\" width=\"100\" loading=\"lazy\"\/><h3 class=\"uagb-team__title\">Zoulfia BAKAEVA<\/h3><span class=\"uagb-team__prefix\">Assistante administrative<\/span><p class=\"uagb-team__desc\"><strong><a href=\"mailto:Zoulfia.Bakaeva@ac-nancy-metz.fr\" target=\"_blank\" rel=\"noreferrer noopener\">Zoulfia.Bakaeva@ac-nancy-metz.fr<\/a><\/strong><\/p><\/div><\/div>\n<\/div>\n\n\n\n<div class=\"wp-block-uagb-team uagb-team__image-position-above uagb-team__align-center uagb-team__stack-tablet uagb-block-ff826327\"><div class=\"uagb-team__content\"><img decoding=\"async\" class=\"uagb-team__image-crop-normal\" src=\"https:\/\/ambition21.fr\/wp-content\/uploads\/2024\/12\/Berfin-150x150.png\" alt=\"\" height=\"100\" width=\"100\" loading=\"lazy\"\/><h3 class=\"uagb-team__title\">Berfin ALGUL<\/h3><span class=\"uagb-team__prefix\">Assistante administrative<\/span><p class=\"uagb-team__desc\"><strong><a href=\"mailto:Berfin.Algul@ac-nancy-metz.fr\" target=\"_blank\" rel=\"noreferrer noopener\"><strong><a href=\"mailto:Berfin.Algul@ac-nancy-metz.fr\" target=\"_blank\" rel=\"noreferrer noopener\">Berfin.Algul@ac-nancy-metz.fr<\/a><\/strong><\/a><\/strong><\/p><\/div><\/div>\n\n\n\n<div class=\"wp-block-uagb-team uagb-team__image-position-above uagb-team__align-center uagb-team__stack-tablet uagb-block-36200e60\"><div class=\"uagb-team__content\"><img decoding=\"async\" class=\"uagb-team__image-crop-normal\" src=\"https:\/\/ambition21.fr\/wp-content\/uploads\/2024\/12\/Antonin-150x150.png\" alt=\"\" height=\"100\" width=\"100\" loading=\"lazy\"\/><h3 class=\"uagb-team__title\">Antonin<strong> <\/strong>KWASNIEWSKI<\/h3><span class=\"uagb-team__prefix\">Assistant administratif<\/span><p class=\"uagb-team__desc\"><strong><a href=\"mailto:Antonin.Kwasniewski@ac-nancy-metz.fr\" target=\"_blank\" rel=\"noreferrer noopener\"><strong><a href=\"mailto:Julia.Draginc@ac-nancy-metz.fr\" target=\"_blank\" rel=\"noreferrer noopener\">Antonin.Kwasniewski@ac-nancy-metz.fr<\/a><\/strong><\/a><\/strong><\/p><\/div><\/div>\n<\/div>\n\n\n\n<div class=\"wp-block-uagb-container uagb-block-63e2bfcc alignwide uagb-is-root-container\">\n<div class=\"wp-block-uagb-container uagb-block-49c5d8f2\">\n<div class=\"wp-block-uagb-team uagb-team__image-position-above uagb-team__align-center uagb-team__stack-tablet uagb-block-be325554\"><div class=\"uagb-team__content\"><img decoding=\"async\" class=\"uagb-team__image-crop-normal\" src=\"https:\/\/ambition21.fr\/wp-content\/uploads\/2024\/12\/Isabelle-150x150.png\" alt=\"\" height=\"100\" width=\"100\" loading=\"lazy\"\/><h3 class=\"uagb-team__title\">Isabelle LHUILLIER<\/h3><span class=\"uagb-team__prefix\"><em>Assistante administrative<\/em><\/span><p class=\"uagb-team__desc\"><strong><a href=\"mailto:Isabelle.Lhuillier@ac-nancy-metz.fr\" target=\"_blank\" rel=\"noreferrer noopener\">Isabelle.Lhuillier@ac-nancy-metz.fr<\/a><\/strong><\/p><\/div><\/div>\n<\/div>\n\n\n\n<div class=\"wp-block-uagb-container uagb-block-9d1dd0e3\">\n<div class=\"wp-block-uagb-team uagb-team__image-position-above uagb-team__align-center uagb-team__stack-tablet uagb-block-4d7f0f05\"><div class=\"uagb-team__content\"><img decoding=\"async\" class=\"uagb-team__image-crop-normal\" src=\"https:\/\/ambition21.fr\/wp-content\/uploads\/2025\/09\/4-150x150.png\" alt=\"\" height=\"100\" width=\"100\" loading=\"lazy\"\/><h3 class=\"uagb-team__title\">Yannick GIRAULT<\/h3><span class=\"uagb-team__prefix\">Assistant administratif<\/span><p class=\"uagb-team__desc\"><strong><a href=\"mailto:Yingyu.Yang@ac-nancy-metz.fr\" target=\"_blank\" rel=\"noreferrer noopener\">Yannick.girault@ac-nancy-metz.fr<\/a><\/strong><\/p><\/div><\/div>\n<\/div>\n\n\n\n<div class=\"wp-block-uagb-container uagb-block-552d36ee\">\n<div class=\"wp-block-uagb-team uagb-team__image-position-above uagb-team__align-center uagb-team__stack-tablet uagb-block-10c300d4\"><div class=\"uagb-team__content\"><img decoding=\"async\" class=\"uagb-team__image-crop-normal\" src=\"https:\/\/ambition21.fr\/wp-content\/uploads\/2025\/09\/2-300x300.png\" alt=\"\" height=\"100\" width=\"100\" loading=\"lazy\"\/><h3 class=\"uagb-team__title\">Emilia LANDRI<\/h3><span class=\"uagb-team__prefix\">Conceptrice p\u00e9dagogique<\/span><p class=\"uagb-team__desc\"><strong><a href=\"mailto:Lea.Lefevre@ac-nancy-metz.fr\" target=\"_blank\" rel=\"noreferrer noopener\">Emilia.landri@ac-nancy-metz.fr<\/a><\/strong><\/p><\/div><\/div>\n<\/div>\n<\/div>\n\n\n\n<p><\/p>\n","protected":false},"excerpt":{"rendered":"","protected":false},"author":2,"featured_media":0,"parent":0,"menu_order":0,"comment_status":"closed","ping_status":"closed","template":"","meta":{"_uag_custom_page_level_css":"","site-sidebar-layout":"default","site-content-layout":"","ast-site-content-layout":"","site-content-style":"default","site-sidebar-style":"default","ast-global-header-display":"","ast-banner-title-visibility":"","ast-main-header-display":"","ast-hfb-above-header-display":"","ast-hfb-below-header-display":"","ast-hfb-mobile-header-display":"","site-post-title":"","ast-breadcrumbs-content":"","ast-featured-img":"","footer-sml-layout":"","theme-transparent-header-meta":"","adv-header-id-meta":"","stick-header-meta":"","header-above-stick-meta":"","header-main-stick-meta":"","header-below-stick-meta":"","astra-migrate-meta-layouts":"default","ast-page-background-enabled":"default","ast-page-background-meta":{"desktop":{"background-color":"var(--ast-global-color-4)","background-image":"","background-repeat":"repeat","background-position":"center center","background-size":"auto","background-attachment":"scroll","background-type":"","background-media":"","overlay-type":"","overlay-color":"","overlay-opacity":"","overlay-gradient":""},"tablet":{"background-color":"","background-image":"","background-repeat":"repeat","background-position":"center center","background-size":"auto","background-attachment":"scroll","background-type":"","background-media":"","overlay-type":"","overlay-color":"","overlay-opacity":"","overlay-gradient":""},"mobile":{"background-color":"","background-image":"","background-repeat":"repeat","background-position":"center center","background-size":"auto","background-attachment":"scroll","background-type":"","background-media":"","overlay-type":"","overlay-color":"","overlay-opacity":"","overlay-gradient":""}},"ast-content-background-meta":{"desktop":{"background-color":"var(--ast-global-color-5)","background-image":"","background-repeat":"repeat","background-position":"center center","background-size":"auto","background-attachment":"scroll","background-type":"","background-media":"","overlay-type":"","overlay-color":"","overlay-opacity":"","overlay-gradient":""},"tablet":{"background-color":"var(--ast-global-color-5)","background-image":"","background-repeat":"repeat","background-position":"center center","background-size":"auto","background-attachment":"scroll","background-type":"","background-media":"","overlay-type":"","overlay-color":"","overlay-opacity":"","overlay-gradient":""},"mobile":{"background-color":"var(--ast-global-color-5)","background-image":"","background-repeat":"repeat","background-position":"center center","background-size":"auto","background-attachment":"scroll","background-type":"","background-media":"","overlay-type":"","overlay-color":"","overlay-opacity":"","overlay-gradient":""}},"footnotes":""},"class_list":["post-102","page","type-page","status-publish","hentry"],"yoast_head":"<!-- This site is optimized with the Yoast SEO plugin v24.5 - https:\/\/yoast.com\/wordpress\/plugins\/seo\/ -->\n<title>L&#039;\u00e9quipe projet -<\/title>\n<meta name=\"robots\" content=\"index, follow, max-snippet:-1, max-image-preview:large, max-video-preview:-1\" \/>\n<link rel=\"canonical\" href=\"https:\/\/ambition21.fr\/?page_id=102\" \/>\n<meta property=\"og:locale\" content=\"fr_FR\" \/>\n<meta property=\"og:type\" content=\"article\" \/>\n<meta property=\"og:title\" content=\"L&#039;\u00e9quipe projet -\" \/>\n<meta property=\"og:url\" content=\"https:\/\/ambition21.fr\/?page_id=102\" \/>\n<meta property=\"article:modified_time\" content=\"2026-03-10T13:55:24+00:00\" \/>\n<meta property=\"og:image\" content=\"https:\/\/ambition21.fr\/wp-content\/uploads\/2024\/11\/Nos-contacts.png\" \/>\n\t<meta property=\"og:image:width\" content=\"1414\" \/>\n\t<meta property=\"og:image:height\" content=\"328\" \/>\n\t<meta property=\"og:image:type\" content=\"image\/png\" \/>\n<meta name=\"twitter:card\" content=\"summary_large_image\" \/>\n<meta name=\"twitter:label1\" content=\"Dur\u00e9e de lecture estim\u00e9e\" \/>\n\t<meta name=\"twitter:data1\" content=\"2 minutes\" \/>\n<script type=\"application\/ld+json\" class=\"yoast-schema-graph\">{\"@context\":\"https:\/\/schema.org\",\"@graph\":[{\"@type\":\"WebPage\",\"@id\":\"https:\/\/ambition21.fr\/?page_id=102\",\"url\":\"https:\/\/ambition21.fr\/?page_id=102\",\"name\":\"L'\u00e9quipe projet -\",\"isPartOf\":{\"@id\":\"https:\/\/ambition21.fr\/#website\"},\"primaryImageOfPage\":{\"@id\":\"https:\/\/ambition21.fr\/?page_id=102#primaryimage\"},\"image\":{\"@id\":\"https:\/\/ambition21.fr\/?page_id=102#primaryimage\"},\"thumbnailUrl\":\"https:\/\/ambition21.fr\/wp-content\/uploads\/2024\/11\/Nos-contacts-1024x238.png\",\"datePublished\":\"2024-10-13T19:50:13+00:00\",\"dateModified\":\"2026-03-10T13:55:24+00:00\",\"breadcrumb\":{\"@id\":\"https:\/\/ambition21.fr\/?page_id=102#breadcrumb\"},\"inLanguage\":\"fr-FR\",\"potentialAction\":[{\"@type\":\"ReadAction\",\"target\":[\"https:\/\/ambition21.fr\/?page_id=102\"]}]},{\"@type\":\"ImageObject\",\"inLanguage\":\"fr-FR\",\"@id\":\"https:\/\/ambition21.fr\/?page_id=102#primaryimage\",\"url\":\"https:\/\/ambition21.fr\/wp-content\/uploads\/2024\/11\/Nos-contacts.png\",\"contentUrl\":\"https:\/\/ambition21.fr\/wp-content\/uploads\/2024\/11\/Nos-contacts.png\",\"width\":1414,\"height\":328},{\"@type\":\"BreadcrumbList\",\"@id\":\"https:\/\/ambition21.fr\/?page_id=102#breadcrumb\",\"itemListElement\":[{\"@type\":\"ListItem\",\"position\":1,\"name\":\"Accueil\",\"item\":\"https:\/\/ambition21.fr\/\"},{\"@type\":\"ListItem\",\"position\":2,\"name\":\"L&rsquo;\u00e9quipe projet\"}]},{\"@type\":\"WebSite\",\"@id\":\"https:\/\/ambition21.fr\/#website\",\"url\":\"https:\/\/ambition21.fr\/\",\"name\":\"Ambition 21\",\"description\":\"Former tous les talents aux comp\u00e9tences du 21\u00e8me s\u00e8cle\",\"publisher\":{\"@id\":\"https:\/\/ambition21.fr\/#organization\"},\"potentialAction\":[{\"@type\":\"SearchAction\",\"target\":{\"@type\":\"EntryPoint\",\"urlTemplate\":\"https:\/\/ambition21.fr\/?s={search_term_string}\"},\"query-input\":{\"@type\":\"PropertyValueSpecification\",\"valueRequired\":true,\"valueName\":\"search_term_string\"}}],\"inLanguage\":\"fr-FR\"},{\"@type\":\"Organization\",\"@id\":\"https:\/\/ambition21.fr\/#organization\",\"name\":\"Ambition 21\",\"url\":\"https:\/\/ambition21.fr\/\",\"logo\":{\"@type\":\"ImageObject\",\"inLanguage\":\"fr-FR\",\"@id\":\"https:\/\/ambition21.fr\/#\/schema\/logo\/image\/\",\"url\":\"https:\/\/ambition21.fr\/wp-content\/uploads\/2024\/10\/cropped-logo-site-1.png\",\"contentUrl\":\"https:\/\/ambition21.fr\/wp-content\/uploads\/2024\/10\/cropped-logo-site-1.png\",\"width\":743,\"height\":136,\"caption\":\"Ambition 21\"},\"image\":{\"@id\":\"https:\/\/ambition21.fr\/#\/schema\/logo\/image\/\"}}]}<\/script>\n<!-- \/ Yoast SEO plugin. -->","yoast_head_json":{"title":"L'\u00e9quipe projet -","robots":{"index":"index","follow":"follow","max-snippet":"max-snippet:-1","max-image-preview":"max-image-preview:large","max-video-preview":"max-video-preview:-1"},"canonical":"https:\/\/ambition21.fr\/?page_id=102","og_locale":"fr_FR","og_type":"article","og_title":"L'\u00e9quipe projet -","og_url":"https:\/\/ambition21.fr\/?page_id=102","article_modified_time":"2026-03-10T13:55:24+00:00","og_image":[{"width":1414,"height":328,"url":"https:\/\/ambition21.fr\/wp-content\/uploads\/2024\/11\/Nos-contacts.png","type":"image\/png"}],"twitter_card":"summary_large_image","twitter_misc":{"Dur\u00e9e de lecture estim\u00e9e":"2 minutes"},"schema":{"@context":"https:\/\/schema.org","@graph":[{"@type":"WebPage","@id":"https:\/\/ambition21.fr\/?page_id=102","url":"https:\/\/ambition21.fr\/?page_id=102","name":"L'\u00e9quipe projet -","isPartOf":{"@id":"https:\/\/ambition21.fr\/#website"},"primaryImageOfPage":{"@id":"https:\/\/ambition21.fr\/?page_id=102#primaryimage"},"image":{"@id":"https:\/\/ambition21.fr\/?page_id=102#primaryimage"},"thumbnailUrl":"https:\/\/ambition21.fr\/wp-content\/uploads\/2024\/11\/Nos-contacts-1024x238.png","datePublished":"2024-10-13T19:50:13+00:00","dateModified":"2026-03-10T13:55:24+00:00","breadcrumb":{"@id":"https:\/\/ambition21.fr\/?page_id=102#breadcrumb"},"inLanguage":"fr-FR","potentialAction":[{"@type":"ReadAction","target":["https:\/\/ambition21.fr\/?page_id=102"]}]},{"@type":"ImageObject","inLanguage":"fr-FR","@id":"https:\/\/ambition21.fr\/?page_id=102#primaryimage","url":"https:\/\/ambition21.fr\/wp-content\/uploads\/2024\/11\/Nos-contacts.png","contentUrl":"https:\/\/ambition21.fr\/wp-content\/uploads\/2024\/11\/Nos-contacts.png","width":1414,"height":328},{"@type":"BreadcrumbList","@id":"https:\/\/ambition21.fr\/?page_id=102#breadcrumb","itemListElement":[{"@type":"ListItem","position":1,"name":"Accueil","item":"https:\/\/ambition21.fr\/"},{"@type":"ListItem","position":2,"name":"L&rsquo;\u00e9quipe projet"}]},{"@type":"WebSite","@id":"https:\/\/ambition21.fr\/#website","url":"https:\/\/ambition21.fr\/","name":"Ambition 21","description":"Former tous les talents aux comp\u00e9tences du 21\u00e8me s\u00e8cle","publisher":{"@id":"https:\/\/ambition21.fr\/#organization"},"potentialAction":[{"@type":"SearchAction","target":{"@type":"EntryPoint","urlTemplate":"https:\/\/ambition21.fr\/?s={search_term_string}"},"query-input":{"@type":"PropertyValueSpecification","valueRequired":true,"valueName":"search_term_string"}}],"inLanguage":"fr-FR"},{"@type":"Organization","@id":"https:\/\/ambition21.fr\/#organization","name":"Ambition 21","url":"https:\/\/ambition21.fr\/","logo":{"@type":"ImageObject","inLanguage":"fr-FR","@id":"https:\/\/ambition21.fr\/#\/schema\/logo\/image\/","url":"https:\/\/ambition21.fr\/wp-content\/uploads\/2024\/10\/cropped-logo-site-1.png","contentUrl":"https:\/\/ambition21.fr\/wp-content\/uploads\/2024\/10\/cropped-logo-site-1.png","width":743,"height":136,"caption":"Ambition 21"},"image":{"@id":"https:\/\/ambition21.fr\/#\/schema\/logo\/image\/"}}]}},"uagb_featured_image_src":{"full":false,"thumbnail":false,"medium":false,"medium_large":false,"large":false,"1536x1536":false,"2048x2048":false},"uagb_author_info":{"display_name":"Clarisse Perquin","author_link":"https:\/\/ambition21.fr\/?author=2"},"uagb_comment_info":0,"uagb_excerpt":null,"_links":{"self":[{"href":"https:\/\/ambition21.fr\/index.php?rest_route=\/wp\/v2\/pages\/102","targetHints":{"allow":["GET"]}}],"collection":[{"href":"https:\/\/ambition21.fr\/index.php?rest_route=\/wp\/v2\/pages"}],"about":[{"href":"https:\/\/ambition21.fr\/index.php?rest_route=\/wp\/v2\/types\/page"}],"author":[{"embeddable":true,"href":"https:\/\/ambition21.fr\/index.php?rest_route=\/wp\/v2\/users\/2"}],"replies":[{"embeddable":true,"href":"https:\/\/ambition21.fr\/index.php?rest_route=%2Fwp%2Fv2%2Fcomments&post=102"}],"version-history":[{"count":29,"href":"https:\/\/ambition21.fr\/index.php?rest_route=\/wp\/v2\/pages\/102\/revisions"}],"predecessor-version":[{"id":729,"href":"https:\/\/ambition21.fr\/index.php?rest_route=\/wp\/v2\/pages\/102\/revisions\/729"}],"wp:attachment":[{"href":"https:\/\/ambition21.fr\/index.php?rest_route=%2Fwp%2Fv2%2Fmedia&parent=102"}],"curies":[{"name":"wp","href":"https:\/\/api.w.org\/{rel}","templated":true}]}}