{"id":183,"date":"2024-10-08T21:48:53","date_gmt":"2024-10-08T21:48:53","guid":{"rendered":"https:\/\/ambition21.fr\/?page_id=183"},"modified":"2025-02-26T12:21:01","modified_gmt":"2025-02-26T12:21:01","slug":"questionnaire","status":"publish","type":"page","link":"https:\/\/ambition21.fr\/?page_id=183","title":{"rendered":"Vos documents"},"content":{"rendered":"\n<p><strong>Informations d\u2019entr\u00e9e de l\u2019\u00e9l\u00e8ve dans le projet europ\u00e9en FSE+ Ambition 21<\/strong><strong><\/strong><\/p>\n\n\n\n<p>Le projet Ambition 21 s&rsquo;appuie sur le num\u00e9rique pour favoriser l&rsquo;acquisition des comp\u00e9tences du 21\u00e8me si\u00e8cle et promouvoir des p\u00e9dagogies innovantes. Ce projet soutient la mise en \u0153uvre de projets \u00e9ducatifs num\u00e9riques dans les lyc\u00e9es de l\u2019acad\u00e9mie de Nancy-Metz. Il s&rsquo;articule autour de trois th\u00e9matiques principales : Repenser les espaces et les m\u00e9thodes d&rsquo;enseignement pour renforcer l&rsquo;engagement et le bien-\u00eatre des \u00e9l\u00e8ves, accompagner les \u00e9l\u00e8ves dans l&rsquo;\u00e9volution des m\u00e9tiers gr\u00e2ce \u00e0 des apprentissages personnalis\u00e9s, et favoriser l&rsquo;ouverture internationale et la mobilit\u00e9 des \u00e9l\u00e8ves. Ambition 21 encourage l\u2019autonomie, l\u2019\u00e9panouissement personnel, et le d\u00e9veloppement des comp\u00e9tences cl\u00e9s telles que la communication, la collaboration, l&rsquo;esprit critique et la cr\u00e9ativit\u00e9.<\/p>\n\n\n\n<p>Ambition 21 est un projet financ\u00e9 par les fonds sociaux europ\u00e9ens (FSE+). Le cadre europ\u00e9en exige donc certains documents et retours pour s\u2019assurer de la bonne gestion et attribution de ces fonds.<\/p>\n\n\n\n<p>En ce qui concerne les projets p\u00e9dagogiques \u00e0 destination des \u00e9tablissements scolaires, voici les trois documents obligatoires demand\u00e9s&nbsp;:<\/p>\n\n\n\n<ul class=\"wp-block-list\">\n<li>Faire remplir les questionnaires europ\u00e9ens aux \u00e9l\u00e8ves b\u00e9n\u00e9ficiaires des ressources,<\/li>\n\n\n\n<li>Un retour d\u2019exp\u00e9rience r\u00e9dig\u00e9 par le porteur projet,<\/li>\n\n\n\n<li>Une attestation sign\u00e9e par le chef d\u2019\u00e9tablissement stipulant le nom, pr\u00e9nom et date de naissance des \u00e9l\u00e8ves impact\u00e9s par le projet d\u00e9ploy\u00e9.<\/li>\n<\/ul>\n\n\n\n<div class=\"wp-block-file\" style=\"border-style:none;border-width:0px;padding-right:0;padding-left:0\"><a id=\"wp-block-file--media-9c280af0-22c6-40be-bb27-0affe6bdbbff\" href=\"https:\/\/ambition21.fr\/wp-content\/uploads\/2024\/12\/Questionnaire-entree-sortie-participants.docx\" target=\"_blank\" rel=\"noreferrer noopener\">Questionnaire entr\u00e9e-sortie participants<\/a><a href=\"https:\/\/ambition21.fr\/wp-content\/uploads\/2024\/12\/Questionnaire-entree-sortie-participants.docx\" class=\"wp-block-file__button wp-element-button\" download aria-describedby=\"wp-block-file--media-9c280af0-22c6-40be-bb27-0affe6bdbbff\">T\u00e9l\u00e9charger<\/a><\/div>\n\n\n\n<div class=\"wp-block-file\"><a id=\"wp-block-file--media-31ed5794-90ee-4007-8917-5474f3593f37\" href=\"https:\/\/ambition21.fr\/wp-content\/uploads\/2024\/12\/Retour-dexperience.docx\" target=\"_blank\" rel=\"noreferrer noopener\">Retour d&rsquo;experience<\/a><a href=\"https:\/\/ambition21.fr\/wp-content\/uploads\/2024\/12\/Retour-dexperience.docx\" class=\"wp-block-file__button wp-element-button\" download aria-describedby=\"wp-block-file--media-31ed5794-90ee-4007-8917-5474f3593f37\">T\u00e9l\u00e9charger<\/a><\/div>\n\n\n\n<div class=\"wp-block-file\"><a id=\"wp-block-file--media-b10bddc7-ce74-4eae-838e-76cb1a2544f4\" href=\"https:\/\/ambition21.fr\/wp-content\/uploads\/2024\/12\/Tableau-informations-participants.xlsx\" target=\"_blank\" rel=\"noreferrer noopener\">Tableau informations participants<\/a><a href=\"https:\/\/ambition21.fr\/wp-content\/uploads\/2024\/12\/Tableau-informations-participants.xlsx\" class=\"wp-block-file__button wp-element-button\" download aria-describedby=\"wp-block-file--media-b10bddc7-ce74-4eae-838e-76cb1a2544f4\">T\u00e9l\u00e9charger<\/a><\/div>\n","protected":false},"excerpt":{"rendered":"<p>Informations d\u2019entr\u00e9e de l\u2019\u00e9l\u00e8ve dans le projet europ\u00e9en FSE+ Ambition 21 Le projet Ambition 21 s&rsquo;appuie sur le num\u00e9rique pour [&hellip;]<\/p>\n","protected":false},"author":2,"featured_media":0,"parent":0,"menu_order":0,"comment_status":"closed","ping_status":"closed","template":"","meta":{"_uag_custom_page_level_css":"","site-sidebar-layout":"default","site-content-layout":"","ast-site-content-layout":"","site-content-style":"default","site-sidebar-style":"default","ast-global-header-display":"","ast-banner-title-visibility":"","ast-main-header-display":"","ast-hfb-above-header-display":"","ast-hfb-below-header-display":"","ast-hfb-mobile-header-display":"","site-post-title":"","ast-breadcrumbs-content":"","ast-featured-img":"","footer-sml-layout":"","theme-transparent-header-meta":"","adv-header-id-meta":"","stick-header-meta":"","header-above-stick-meta":"","header-main-stick-meta":"","header-below-stick-meta":"","astra-migrate-meta-layouts":"default","ast-page-background-enabled":"default","ast-page-background-meta":{"desktop":{"background-color":"var(--ast-global-color-4)","background-image":"","background-repeat":"repeat","background-position":"center center","background-size":"auto","background-attachment":"scroll","background-type":"","background-media":"","overlay-type":"","overlay-color":"","overlay-opacity":"","overlay-gradient":""},"tablet":{"background-color":"","background-image":"","background-repeat":"repeat","background-position":"center center","background-size":"auto","background-attachment":"scroll","background-type":"","background-media":"","overlay-type":"","overlay-color":"","overlay-opacity":"","overlay-gradient":""},"mobile":{"background-color":"","background-image":"","background-repeat":"repeat","background-position":"center center","background-size":"auto","background-attachment":"scroll","background-type":"","background-media":"","overlay-type":"","overlay-color":"","overlay-opacity":"","overlay-gradient":""}},"ast-content-background-meta":{"desktop":{"background-color":"var(--ast-global-color-5)","background-image":"","background-repeat":"repeat","background-position":"center center","background-size":"auto","background-attachment":"scroll","background-type":"","background-media":"","overlay-type":"","overlay-color":"","overlay-opacity":"","overlay-gradient":""},"tablet":{"background-color":"var(--ast-global-color-5)","background-image":"","background-repeat":"repeat","background-position":"center center","background-size":"auto","background-attachment":"scroll","background-type":"","background-media":"","overlay-type":"","overlay-color":"","overlay-opacity":"","overlay-gradient":""},"mobile":{"background-color":"var(--ast-global-color-5)","background-image":"","background-repeat":"repeat","background-position":"center center","background-size":"auto","background-attachment":"scroll","background-type":"","background-media":"","overlay-type":"","overlay-color":"","overlay-opacity":"","overlay-gradient":""}},"footnotes":""},"class_list":["post-183","page","type-page","status-publish","hentry"],"yoast_head":"<!-- This site is optimized with the Yoast SEO plugin v24.5 - https:\/\/yoast.com\/wordpress\/plugins\/seo\/ -->\n<title>Vos documents -<\/title>\n<meta name=\"robots\" content=\"index, follow, max-snippet:-1, max-image-preview:large, max-video-preview:-1\" \/>\n<link rel=\"canonical\" href=\"https:\/\/ambition21.fr\/?page_id=183\" \/>\n<meta property=\"og:locale\" content=\"fr_FR\" \/>\n<meta property=\"og:type\" content=\"article\" \/>\n<meta property=\"og:title\" content=\"Vos documents -\" \/>\n<meta property=\"og:description\" content=\"Informations d\u2019entr\u00e9e de l\u2019\u00e9l\u00e8ve dans le projet europ\u00e9en FSE+ Ambition 21 Le projet Ambition 21 s&rsquo;appuie sur le num\u00e9rique pour [&hellip;]\" \/>\n<meta property=\"og:url\" content=\"https:\/\/ambition21.fr\/?page_id=183\" \/>\n<meta property=\"article:modified_time\" content=\"2025-02-26T12:21:01+00:00\" \/>\n<meta property=\"og:image\" content=\"https:\/\/ambition21.fr\/wp-content\/uploads\/2025\/03\/logo-ambition-21.png\" \/>\n\t<meta property=\"og:image:width\" content=\"3283\" \/>\n\t<meta property=\"og:image:height\" content=\"701\" \/>\n\t<meta property=\"og:image:type\" content=\"image\/png\" \/>\n<meta name=\"twitter:card\" content=\"summary_large_image\" \/>\n<meta name=\"twitter:label1\" content=\"Dur\u00e9e de lecture estim\u00e9e\" \/>\n\t<meta name=\"twitter:data1\" content=\"2 minutes\" \/>\n<script type=\"application\/ld+json\" class=\"yoast-schema-graph\">{\"@context\":\"https:\/\/schema.org\",\"@graph\":[{\"@type\":\"WebPage\",\"@id\":\"https:\/\/ambition21.fr\/?page_id=183\",\"url\":\"https:\/\/ambition21.fr\/?page_id=183\",\"name\":\"Vos documents -\",\"isPartOf\":{\"@id\":\"https:\/\/ambition21.fr\/#website\"},\"datePublished\":\"2024-10-08T21:48:53+00:00\",\"dateModified\":\"2025-02-26T12:21:01+00:00\",\"breadcrumb\":{\"@id\":\"https:\/\/ambition21.fr\/?page_id=183#breadcrumb\"},\"inLanguage\":\"fr-FR\",\"potentialAction\":[{\"@type\":\"ReadAction\",\"target\":[\"https:\/\/ambition21.fr\/?page_id=183\"]}]},{\"@type\":\"BreadcrumbList\",\"@id\":\"https:\/\/ambition21.fr\/?page_id=183#breadcrumb\",\"itemListElement\":[{\"@type\":\"ListItem\",\"position\":1,\"name\":\"Accueil\",\"item\":\"https:\/\/ambition21.fr\/\"},{\"@type\":\"ListItem\",\"position\":2,\"name\":\"Participer au projet\"}]},{\"@type\":\"WebSite\",\"@id\":\"https:\/\/ambition21.fr\/#website\",\"url\":\"https:\/\/ambition21.fr\/\",\"name\":\"Ambition 21\",\"description\":\"Former tous les talents aux comp\u00e9tences du 21\u00e8me s\u00e8cle\",\"publisher\":{\"@id\":\"https:\/\/ambition21.fr\/#organization\"},\"potentialAction\":[{\"@type\":\"SearchAction\",\"target\":{\"@type\":\"EntryPoint\",\"urlTemplate\":\"https:\/\/ambition21.fr\/?s={search_term_string}\"},\"query-input\":{\"@type\":\"PropertyValueSpecification\",\"valueRequired\":true,\"valueName\":\"search_term_string\"}}],\"inLanguage\":\"fr-FR\"},{\"@type\":\"Organization\",\"@id\":\"https:\/\/ambition21.fr\/#organization\",\"name\":\"Ambition 21\",\"url\":\"https:\/\/ambition21.fr\/\",\"logo\":{\"@type\":\"ImageObject\",\"inLanguage\":\"fr-FR\",\"@id\":\"https:\/\/ambition21.fr\/#\/schema\/logo\/image\/\",\"url\":\"https:\/\/ambition21.fr\/wp-content\/uploads\/2024\/10\/cropped-logo-site-1.png\",\"contentUrl\":\"https:\/\/ambition21.fr\/wp-content\/uploads\/2024\/10\/cropped-logo-site-1.png\",\"width\":743,\"height\":136,\"caption\":\"Ambition 21\"},\"image\":{\"@id\":\"https:\/\/ambition21.fr\/#\/schema\/logo\/image\/\"}}]}<\/script>\n<!-- \/ Yoast SEO plugin. -->","yoast_head_json":{"title":"Vos documents -","robots":{"index":"index","follow":"follow","max-snippet":"max-snippet:-1","max-image-preview":"max-image-preview:large","max-video-preview":"max-video-preview:-1"},"canonical":"https:\/\/ambition21.fr\/?page_id=183","og_locale":"fr_FR","og_type":"article","og_title":"Vos documents -","og_description":"Informations d\u2019entr\u00e9e de l\u2019\u00e9l\u00e8ve dans le projet europ\u00e9en FSE+ Ambition 21 Le projet Ambition 21 s&rsquo;appuie sur le num\u00e9rique pour [&hellip;]","og_url":"https:\/\/ambition21.fr\/?page_id=183","article_modified_time":"2025-02-26T12:21:01+00:00","og_image":[{"width":3283,"height":701,"url":"https:\/\/ambition21.fr\/wp-content\/uploads\/2025\/03\/logo-ambition-21.png","type":"image\/png"}],"twitter_card":"summary_large_image","twitter_misc":{"Dur\u00e9e de lecture estim\u00e9e":"2 minutes"},"schema":{"@context":"https:\/\/schema.org","@graph":[{"@type":"WebPage","@id":"https:\/\/ambition21.fr\/?page_id=183","url":"https:\/\/ambition21.fr\/?page_id=183","name":"Vos documents -","isPartOf":{"@id":"https:\/\/ambition21.fr\/#website"},"datePublished":"2024-10-08T21:48:53+00:00","dateModified":"2025-02-26T12:21:01+00:00","breadcrumb":{"@id":"https:\/\/ambition21.fr\/?page_id=183#breadcrumb"},"inLanguage":"fr-FR","potentialAction":[{"@type":"ReadAction","target":["https:\/\/ambition21.fr\/?page_id=183"]}]},{"@type":"BreadcrumbList","@id":"https:\/\/ambition21.fr\/?page_id=183#breadcrumb","itemListElement":[{"@type":"ListItem","position":1,"name":"Accueil","item":"https:\/\/ambition21.fr\/"},{"@type":"ListItem","position":2,"name":"Participer au projet"}]},{"@type":"WebSite","@id":"https:\/\/ambition21.fr\/#website","url":"https:\/\/ambition21.fr\/","name":"Ambition 21","description":"Former tous les talents aux comp\u00e9tences du 21\u00e8me s\u00e8cle","publisher":{"@id":"https:\/\/ambition21.fr\/#organization"},"potentialAction":[{"@type":"SearchAction","target":{"@type":"EntryPoint","urlTemplate":"https:\/\/ambition21.fr\/?s={search_term_string}"},"query-input":{"@type":"PropertyValueSpecification","valueRequired":true,"valueName":"search_term_string"}}],"inLanguage":"fr-FR"},{"@type":"Organization","@id":"https:\/\/ambition21.fr\/#organization","name":"Ambition 21","url":"https:\/\/ambition21.fr\/","logo":{"@type":"ImageObject","inLanguage":"fr-FR","@id":"https:\/\/ambition21.fr\/#\/schema\/logo\/image\/","url":"https:\/\/ambition21.fr\/wp-content\/uploads\/2024\/10\/cropped-logo-site-1.png","contentUrl":"https:\/\/ambition21.fr\/wp-content\/uploads\/2024\/10\/cropped-logo-site-1.png","width":743,"height":136,"caption":"Ambition 21"},"image":{"@id":"https:\/\/ambition21.fr\/#\/schema\/logo\/image\/"}}]}},"uagb_featured_image_src":{"full":false,"thumbnail":false,"medium":false,"medium_large":false,"large":false,"1536x1536":false,"2048x2048":false},"uagb_author_info":{"display_name":"Clarisse Perquin","author_link":"https:\/\/ambition21.fr\/?author=2"},"uagb_comment_info":0,"uagb_excerpt":"Informations d\u2019entr\u00e9e de l\u2019\u00e9l\u00e8ve dans le projet europ\u00e9en FSE+ Ambition 21 Le projet Ambition 21 s&rsquo;appuie sur le num\u00e9rique pour [&hellip;]","_links":{"self":[{"href":"https:\/\/ambition21.fr\/index.php?rest_route=\/wp\/v2\/pages\/183","targetHints":{"allow":["GET"]}}],"collection":[{"href":"https:\/\/ambition21.fr\/index.php?rest_route=\/wp\/v2\/pages"}],"about":[{"href":"https:\/\/ambition21.fr\/index.php?rest_route=\/wp\/v2\/types\/page"}],"author":[{"embeddable":true,"href":"https:\/\/ambition21.fr\/index.php?rest_route=\/wp\/v2\/users\/2"}],"replies":[{"embeddable":true,"href":"https:\/\/ambition21.fr\/index.php?rest_route=%2Fwp%2Fv2%2Fcomments&post=183"}],"version-history":[{"count":10,"href":"https:\/\/ambition21.fr\/index.php?rest_route=\/wp\/v2\/pages\/183\/revisions"}],"predecessor-version":[{"id":633,"href":"https:\/\/ambition21.fr\/index.php?rest_route=\/wp\/v2\/pages\/183\/revisions\/633"}],"wp:attachment":[{"href":"https:\/\/ambition21.fr\/index.php?rest_route=%2Fwp%2Fv2%2Fmedia&parent=183"}],"curies":[{"name":"wp","href":"https:\/\/api.w.org\/{rel}","templated":true}]}}