{"id":19,"date":"2024-09-13T13:06:07","date_gmt":"2024-09-13T13:06:07","guid":{"rendered":"https:\/\/ambition21.fr\/?page_id=19"},"modified":"2026-03-10T13:39:11","modified_gmt":"2026-03-10T13:39:11","slug":"home","status":"publish","type":"page","link":"https:\/\/ambition21.fr\/","title":{"rendered":"Home"},"content":{"rendered":"\n<blockquote class=\"wp-block-quote is-layout-flow wp-block-quote-is-layout-flow\">\n<p class=\"has-ast-global-color-8-color has-text-color has-link-color has-medium-font-size wp-elements-699493a91886650ff7dfa7cb445554d3\"><strong><em>Ambition 21 lutte contre le d\u00e9crochage scolaire par le num\u00e9rique et agit avant que l\u2019\u00e9l\u00e8ve ne d\u00e9croche.<\/em><\/strong><\/p>\n<\/blockquote>\n\n\n\n\t\t\t<div class=\"wp-block-uagb-post-carousel uagb-post-grid  uagb-post__image-position-background uagb-post__image-enabled uagb-block-2d902aff     uagb-post__arrow-outside uagb-slick-carousel uagb-post__items uagb-post__columns-1 is-carousel uagb-post__columns-tablet-2 uagb-post__columns-mobile-1\" data-total=\"3\" style=\"\">\n\n\t\t\t\t\t\t\t\t\t\t\t\t<article class=\"uagb-post__inner-wrap\">\t\t\t\t\t\t\t\t<h3 class=\"uagb-post__title uagb-post__text\">\n\t\t\t\t<a href=\"https:\/\/ambition21.fr\/?p=716\" target=\"_self\" rel=\"bookmark noopener noreferrer\">D\u00e9velopper Les comp\u00e9tences et la confiance des \u00e9l\u00e8ves gr\u00e2ce au num\u00e9rique : une collaboration entre la DRANE, l\u2019INSPE et le micro-lyc\u00e9e 54<\/a>\n\t\t\t<\/h3>\n\t\t\t\t\t\t<div class='uagb-post__text uagb-post-grid-byline'>\n\t\t\t\t\t\t\t<\/div>\n\t\t\t\t\t\t<div class=\"uagb-post__text uagb-post__cta wp-block-button\">\n\t\t\t\t<a class=\"wp-block-button__link uagb-text-link\" style=\"\" href=\"https:\/\/ambition21.fr\/?p=716\" target=\"_self\" rel=\"bookmark noopener noreferrer\">Lire la suite<\/a>\n\t\t\t<\/div>\n\t\t\t\t\t\t<div class='uagb-post__image'>\n\t\t\t\t\t\t\t\t\t<a href=\"https:\/\/ambition21.fr\/?p=716\" target=\"_self\" rel=\"bookmark noopener noreferrer\"><img loading=\"lazy\" decoding=\"async\" width=\"1024\" height=\"768\" src=\"https:\/\/ambition21.fr\/wp-content\/uploads\/2026\/03\/Image-68-1024x768.jpg\" class=\"attachment-large size-large\" alt=\"\" srcset=\"https:\/\/ambition21.fr\/wp-content\/uploads\/2026\/03\/Image-68-1024x768.jpg 1024w, https:\/\/ambition21.fr\/wp-content\/uploads\/2026\/03\/Image-68-300x225.jpg 300w, https:\/\/ambition21.fr\/wp-content\/uploads\/2026\/03\/Image-68-768x576.jpg 768w, https:\/\/ambition21.fr\/wp-content\/uploads\/2026\/03\/Image-68-1536x1152.jpg 1536w, https:\/\/ambition21.fr\/wp-content\/uploads\/2026\/03\/Image-68.jpg 1600w\" sizes=\"auto, (max-width: 1024px) 100vw, 1024px\" \/>\t\t\t\t\t<\/a>\n\t\t\t\t\t\t\t\t\t<\/div>\n\t\t\t\n\t\t\t\t\t\t\t\t<a class=\"uagb-post__link-complete-box\" href=\"https:\/\/ambition21.fr\/?p=716\" target=\"_self\" rel=\"bookmark noopener noreferrer\"><\/a>\n\t\t\t\t\t\t\t<\/article>\n\t\t\t\t\t\t\t\t\t\t\t\t\t\t\t\t<article class=\"uagb-post__inner-wrap\">\t\t\t\t\t\t\t\t<h3 class=\"uagb-post__title uagb-post__text\">\n\t\t\t\t<a href=\"https:\/\/ambition21.fr\/?p=707\" target=\"_self\" rel=\"bookmark noopener noreferrer\">Troisi\u00e8me \u00e9dition Scientifiquement Elles \u00e0 villers-l\u00e8s-Nancy<\/a>\n\t\t\t<\/h3>\n\t\t\t\t\t\t<div class='uagb-post__text uagb-post-grid-byline'>\n\t\t\t\t\t\t\t<\/div>\n\t\t\t\t\t\t<div class=\"uagb-post__text uagb-post__cta wp-block-button\">\n\t\t\t\t<a class=\"wp-block-button__link uagb-text-link\" style=\"\" href=\"https:\/\/ambition21.fr\/?p=707\" target=\"_self\" rel=\"bookmark noopener noreferrer\">Lire la suite<\/a>\n\t\t\t<\/div>\n\t\t\t\t\t\t<div class='uagb-post__image'>\n\t\t\t\t\t\t\t\t\t<a href=\"https:\/\/ambition21.fr\/?p=707\" target=\"_self\" rel=\"bookmark noopener noreferrer\"><img loading=\"lazy\" decoding=\"async\" width=\"1024\" height=\"896\" src=\"https:\/\/ambition21.fr\/wp-content\/uploads\/2026\/02\/Affiche-reseau-03.02.2026-1024x896.jpg\" class=\"attachment-large size-large\" alt=\"\" srcset=\"https:\/\/ambition21.fr\/wp-content\/uploads\/2026\/02\/Affiche-reseau-03.02.2026-1024x896.jpg 1024w, https:\/\/ambition21.fr\/wp-content\/uploads\/2026\/02\/Affiche-reseau-03.02.2026-300x263.jpg 300w, https:\/\/ambition21.fr\/wp-content\/uploads\/2026\/02\/Affiche-reseau-03.02.2026-768x672.jpg 768w, https:\/\/ambition21.fr\/wp-content\/uploads\/2026\/02\/Affiche-reseau-03.02.2026.jpg 1371w\" sizes=\"auto, (max-width: 1024px) 100vw, 1024px\" \/>\t\t\t\t\t<\/a>\n\t\t\t\t\t\t\t\t\t<\/div>\n\t\t\t\n\t\t\t\t\t\t\t\t<a class=\"uagb-post__link-complete-box\" href=\"https:\/\/ambition21.fr\/?p=707\" target=\"_self\" rel=\"bookmark noopener noreferrer\"><\/a>\n\t\t\t\t\t\t\t<\/article>\n\t\t\t\t\t\t\t\t\t\t\t\t\t\t\t\t<article class=\"uagb-post__inner-wrap\">\t\t\t\t\t\t\t\t<h3 class=\"uagb-post__title uagb-post__text\">\n\t\t\t\t<a href=\"https:\/\/ambition21.fr\/?p=698\" target=\"_self\" rel=\"bookmark noopener noreferrer\">Deuxi\u00e8me Journ\u00e9e Scientifiquement Elles : ensemble on ose, on innove, on excelle !<\/a>\n\t\t\t<\/h3>\n\t\t\t\t\t\t<div class='uagb-post__text uagb-post-grid-byline'>\n\t\t\t\t\t\t\t<\/div>\n\t\t\t\t\t\t<div class=\"uagb-post__text uagb-post__cta wp-block-button\">\n\t\t\t\t<a class=\"wp-block-button__link uagb-text-link\" style=\"\" href=\"https:\/\/ambition21.fr\/?p=698\" target=\"_self\" rel=\"bookmark noopener noreferrer\">Lire la suite<\/a>\n\t\t\t<\/div>\n\t\t\t\t\t\t<div class='uagb-post__image'>\n\t\t\t\t\t\t\t\t\t<a href=\"https:\/\/ambition21.fr\/?p=698\" target=\"_self\" rel=\"bookmark noopener noreferrer\"><img loading=\"lazy\" decoding=\"async\" width=\"804\" height=\"804\" src=\"https:\/\/ambition21.fr\/wp-content\/uploads\/2026\/01\/Affiche-Linkedin-2eme-edition_v5-4.png\" class=\"attachment-large size-large\" alt=\"\" srcset=\"https:\/\/ambition21.fr\/wp-content\/uploads\/2026\/01\/Affiche-Linkedin-2eme-edition_v5-4.png 804w, https:\/\/ambition21.fr\/wp-content\/uploads\/2026\/01\/Affiche-Linkedin-2eme-edition_v5-4-300x300.png 300w, https:\/\/ambition21.fr\/wp-content\/uploads\/2026\/01\/Affiche-Linkedin-2eme-edition_v5-4-150x150.png 150w, https:\/\/ambition21.fr\/wp-content\/uploads\/2026\/01\/Affiche-Linkedin-2eme-edition_v5-4-768x768.png 768w\" sizes=\"auto, (max-width: 804px) 100vw, 804px\" \/>\t\t\t\t\t<\/a>\n\t\t\t\t\t\t\t\t\t<\/div>\n\t\t\t\n\t\t\t\t\t\t\t\t<a class=\"uagb-post__link-complete-box\" href=\"https:\/\/ambition21.fr\/?p=698\" target=\"_self\" rel=\"bookmark noopener noreferrer\"><\/a>\n\t\t\t\t\t\t\t<\/article>\n\t\t\t\t\t\t\t\t\t\t\t\t\t\t\t\t<article class=\"uagb-post__inner-wrap\">\t\t\t\t\t\t\t\t<h3 class=\"uagb-post__title uagb-post__text\">\n\t\t\t\t<a href=\"https:\/\/ambition21.fr\/?p=684\" target=\"_self\" rel=\"bookmark noopener noreferrer\">Journ\u00e9e \u00ab Scientifiquement Elles : ensemble on ose, on innove, on excelle\u00a0\u00bb &#8211; Encourager les vocations scientifiques au f\u00e9minin<\/a>\n\t\t\t<\/h3>\n\t\t\t\t\t\t<div class='uagb-post__text uagb-post-grid-byline'>\n\t\t\t\t\t\t\t<\/div>\n\t\t\t\t\t\t<div class=\"uagb-post__text uagb-post__cta wp-block-button\">\n\t\t\t\t<a class=\"wp-block-button__link uagb-text-link\" style=\"\" href=\"https:\/\/ambition21.fr\/?p=684\" target=\"_self\" rel=\"bookmark noopener noreferrer\">Lire la suite<\/a>\n\t\t\t<\/div>\n\t\t\t\t\t\t<div class='uagb-post__image'>\n\t\t\t\t\t\t\t\t\t<a href=\"https:\/\/ambition21.fr\/?p=684\" target=\"_self\" rel=\"bookmark noopener noreferrer\"><img loading=\"lazy\" decoding=\"async\" width=\"804\" height=\"466\" src=\"https:\/\/ambition21.fr\/wp-content\/uploads\/2025\/12\/photooo.png\" class=\"attachment-large size-large\" alt=\"\" srcset=\"https:\/\/ambition21.fr\/wp-content\/uploads\/2025\/12\/photooo.png 804w, https:\/\/ambition21.fr\/wp-content\/uploads\/2025\/12\/photooo-300x174.png 300w, https:\/\/ambition21.fr\/wp-content\/uploads\/2025\/12\/photooo-768x445.png 768w\" sizes=\"auto, (max-width: 804px) 100vw, 804px\" \/>\t\t\t\t\t<\/a>\n\t\t\t\t\t\t\t\t\t<\/div>\n\t\t\t\n\t\t\t\t\t\t\t\t<a class=\"uagb-post__link-complete-box\" href=\"https:\/\/ambition21.fr\/?p=684\" target=\"_self\" rel=\"bookmark noopener noreferrer\"><\/a>\n\t\t\t\t\t\t\t<\/article>\n\t\t\t\t\t\t\t\t\t\t\t<\/div>\n\t\t\t\n\n\n<p>Le projet Ambition 21 s&rsquo;appuie sur le num\u00e9rique pour lutter contre le d\u00e9crochage scolaire par l&rsquo;acquisition des comp\u00e9tences du 21\u00e8me si\u00e8cle.<\/p>\n\n\n\n<p>Ambition 21 a pour objectif d&rsquo;agir pour tous les \u00e9l\u00e8ves en amont du d\u00e9crochage par une attention particuli\u00e8re \u00e0 leurs vuln\u00e9rabilit\u00e9s en favorisant l&rsquo;autonomie et la r\u00e9alisation de soi, par la communication, la collaboration, l&rsquo;exercice de l&rsquo;esprit critique et de la cr\u00e9ativit\u00e9. Le projet s&rsquo;articule autour de trois th\u00e9matiques&nbsp;: <\/p>\n\n\n\n<ul class=\"wp-block-list\">\n<li>Mobiliser l&rsquo;intelligence collective afin de repenser les espaces, les enseignements et renforcer l&rsquo;engagement et le bien-\u00eatre de tous&nbsp;; <\/li>\n<\/ul>\n\n\n\n<ul class=\"wp-block-list\">\n<li>Accompagner les \u00e9l\u00e8ves vers la transformation des m\u00e9tiers par la personnalisation des apprentissages, les environnements immersifs et en am\u00e9liorant les dispositifs d&rsquo;\u00e9valuation&nbsp;; <\/li>\n<\/ul>\n\n\n\n<ul class=\"wp-block-list\">\n<li>Permettre aux \u00e9l\u00e8ves par l&rsquo;ouverture internationale de porter un regard ouvert sur leur formation, leur projet professionnel et de lever les freins li\u00e9s \u00e0 la mobilit\u00e9.<\/li>\n<\/ul>\n\n\n\n<p>Ce projet est financ\u00e9 par la <a href=\"https:\/\/beeurope.grandest.fr\/\" target=\"_blank\" rel=\"noreferrer noopener\">R\u00e9gion Grand Est<\/a> et le dispositif <a href=\"https:\/\/fse.gouv.fr\/\" target=\"_blank\" rel=\"noreferrer noopener\">FSE +<\/a><\/p>\n\n\n\n<div class=\"wp-block-uagb-container uagb-block-b4d9d3a8 alignwide uagb-is-root-container\">\n<div class=\"wp-block-uagb-container uagb-block-a4743992\">\n<div class=\"wp-block-uagb-counter uagb-block-8cd1da29 wp-block-uagb-counter--number\"><span class=\"wp-block-uagb-counter__icon\"><svg xmlns=\"https:\/\/www.w3.org\/2000\/svg\" viewBox=\"0 0 448 512\"><path d=\"M160 80C160 53.49 181.5 32 208 32H240C266.5 32 288 53.49 288 80V432C288 458.5 266.5 480 240 480H208C181.5 480 160 458.5 160 432V80zM0 272C0 245.5 21.49 224 48 224H80C106.5 224 128 245.5 128 272V432C128 458.5 106.5 480 80 480H48C21.49 480 0 458.5 0 432V272zM400 96C426.5 96 448 117.5 448 144V432C448 458.5 426.5 480 400 480H368C341.5 480 320 458.5 320 432V144C320 117.5 341.5 96 368 96H400z\"><\/path><\/svg><\/span><div class=\"wp-block-uagb-counter__number\"><span class=\"uagb-counter-block-number\" data-duration=\"1.5\" data-to-value=\"3284579.2\" data-from-value=\"0\" data-delimiter=\" \"><\/span><span class=\"uagb-counter-block-suffix\"> \u20ac<\/span><\/div><div class=\"wp-block-uagb-counter__title\">Montant total de l&rsquo;op\u00e9ration <\/div><\/div>\n<\/div>\n\n\n\n<div class=\"wp-block-uagb-container uagb-block-84f048e0\">\n<div class=\"wp-block-uagb-counter uagb-block-dcb768d4 wp-block-uagb-counter--number\"><span class=\"wp-block-uagb-counter__icon\"><svg xmlns=\"https:\/\/www.w3.org\/2000\/svg\" viewBox=\"0 0 512 512\"><path d=\"M64 400C64 408.8 71.16 416 80 416H480C497.7 416 512 430.3 512 448C512 465.7 497.7 480 480 480H80C35.82 480 0 444.2 0 400V64C0 46.33 14.33 32 32 32C49.67 32 64 46.33 64 64V400zM342.6 278.6C330.1 291.1 309.9 291.1 297.4 278.6L240 221.3L150.6 310.6C138.1 323.1 117.9 323.1 105.4 310.6C92.88 298.1 92.88 277.9 105.4 265.4L217.4 153.4C229.9 140.9 250.1 140.9 262.6 153.4L320 210.7L425.4 105.4C437.9 92.88 458.1 92.88 470.6 105.4C483.1 117.9 483.1 138.1 470.6 150.6L342.6 278.6z\"><\/path><\/svg><\/span><div class=\"wp-block-uagb-counter__number\"><span class=\"uagb-counter-block-number\" data-duration=\"1.5\" data-to-value=\"1828451.2\" data-from-value=\"0\" data-delimiter=\" \"><\/span><span class=\"uagb-counter-block-suffix\"> \u20ac<\/span><\/div><div class=\"wp-block-uagb-counter__title\">Montant de la subvention FSE+<\/div><\/div>\n<\/div>\n<\/div>\n\n\n\n<div class=\"wp-block-uagb-advanced-heading uagb-block-9b19de6f\"><h2 class=\"uagb-heading-text\">Les leviers d&rsquo;actions<\/h2><\/div>\n\n\n\n<div class=\"wp-block-uagb-container uagb-layout-flex uagb-block-4c0b94fe alignwide uagb-is-root-container\">\n<div class=\"wp-block-uagb-container uagb-block-981bc619\">\n<div data-aos= \"fade-right\" data-aos-duration=\"400\" data-aos-delay=\"0\" data-aos-easing=\"ease\" data-aos-once=\"true\" class=\"wp-block-uagb-container uagb-layout-flex uagb-block-95ad56c2\">\n<div class=\"wp-block-uagb-advanced-heading uagb-block-546a2c92\"><h4 class=\"uagb-heading-text\"><strong>Action 1 : L&rsquo;intelligence collective pour r\u00e9ussir<\/strong><\/h4><\/div>\n\n\n\n<ul class=\"wp-block-list\">\n<li>Axe 1 : Espaces scolaires.<\/li>\n\n\n\n<li>Axe 2 : Bien-\u00eatre et le climat scolaire.<\/li>\n\n\n\n<li>Axe 3 : Ludification , ludo-p\u00e9dagogie.<\/li>\n<\/ul>\n\n\n\n<div class=\"wp-block-uagb-buttons uagb-buttons__outer-wrap uagb-btn__default-btn uagb-btn-tablet__default-btn uagb-btn-mobile__default-btn uagb-block-520b6702\"><div class=\"uagb-buttons__wrap uagb-buttons-layout-wrap \">\n<div data-aos= \"fade\" data-aos-duration=\"400\" data-aos-delay=\"0\" data-aos-easing=\"ease\" data-aos-once=\"true\" class=\"wp-block-uagb-buttons-child uagb-buttons__outer-wrap uagb-block-f7ca0fc9 wp-block-button\"><div class=\"uagb-button__wrapper\"><a class=\"uagb-buttons-repeater wp-block-button__link\" aria-label=\"\" href=\"https:\/\/ambition21.fr\/?page_id=55\" rel=\"follow noopener\" target=\"_blank\" role=\"button\"><div class=\"uagb-button__link\">En savoir plus<\/div><\/a><\/div><\/div>\n<\/div><\/div>\n<\/div>\n\n\n\n<div data-aos= \"fade-down\" data-aos-duration=\"400\" data-aos-delay=\"0\" data-aos-easing=\"ease\" data-aos-once=\"true\" class=\"wp-block-uagb-container uagb-layout-flex uagb-block-3b7b25ba\">\n<div class=\"wp-block-uagb-advanced-heading uagb-block-fda9919e\"><h4 class=\"uagb-heading-text\"><strong>Action 2 : La transformation des<\/strong> m\u00e9tiers<\/h4><\/div>\n\n\n\n<ul class=\"wp-block-list\">\n<li>Axe 1 : Ressources num\u00e9riques pour personnaliser les apprentissages.<\/li>\n\n\n\n<li>Axe 2 : Environnements immersifs.<\/li>\n\n\n\n<li>Axe 3 : Aide \u00e0 la r\u00e9ussite en situation d&rsquo;\u00e9valuation.<\/li>\n<\/ul>\n\n\n\n<div class=\"wp-block-uagb-buttons uagb-buttons__outer-wrap uagb-btn__default-btn uagb-btn-tablet__default-btn uagb-btn-mobile__default-btn uagb-block-405fc1d0\"><div class=\"uagb-buttons__wrap uagb-buttons-layout-wrap \">\n<div data-aos= \"fade\" data-aos-duration=\"400\" data-aos-delay=\"0\" data-aos-easing=\"ease\" data-aos-once=\"true\" class=\"wp-block-uagb-buttons-child uagb-buttons__outer-wrap uagb-block-f6842dc3 wp-block-button\"><div class=\"uagb-button__wrapper\"><a class=\"uagb-buttons-repeater wp-block-button__link\" aria-label=\"\" href=\"https:\/\/ambition21.fr\/?page_id=57\" rel=\"follow noopener\" target=\"_blank\" role=\"button\"><div class=\"uagb-button__link\">En savoir plus<\/div><\/a><\/div><\/div>\n<\/div><\/div>\n<\/div>\n\n\n\n<div data-aos= \"fade-left\" data-aos-duration=\"400\" data-aos-delay=\"0\" data-aos-easing=\"ease\" data-aos-once=\"true\" class=\"wp-block-uagb-container uagb-block-84779e8d\">\n<div class=\"wp-block-uagb-advanced-heading uagb-block-42d6bfcf\"><h4 class=\"uagb-heading-text\"><strong>Action 3 : Ouverture internationale<\/strong>         <\/h4><\/div>\n\n\n\n<ul class=\"wp-block-list\">\n<li>Axe 1 : Valorisation du projet dans les salons internationaux.<\/li>\n\n\n\n<li>Axe 2 : Accompagnement vers la poursuite d&rsquo;\u00e9tudes et l&rsquo;entr\u00e9e dans le monde professionnel.<\/li>\n<\/ul>\n\n\n\n<div class=\"wp-block-uagb-buttons uagb-buttons__outer-wrap uagb-btn__default-btn uagb-btn-tablet__default-btn uagb-btn-mobile__default-btn uagb-block-b022b0ed\"><div class=\"uagb-buttons__wrap uagb-buttons-layout-wrap \">\n<div data-aos= \"fade\" data-aos-duration=\"400\" data-aos-delay=\"0\" data-aos-easing=\"ease\" data-aos-once=\"true\" class=\"wp-block-uagb-buttons-child uagb-buttons__outer-wrap uagb-block-7c74303e wp-block-button\"><div class=\"uagb-button__wrapper\"><a class=\"uagb-buttons-repeater wp-block-button__link\" aria-label=\"\" href=\"https:\/\/ambition21.fr\/?page_id=59\" rel=\"follow noopener\" target=\"_blank\" role=\"button\"><div class=\"uagb-button__link\">En savoir plus<\/div><\/a><\/div><\/div>\n<\/div><\/div>\n<\/div>\n<\/div>\n<\/div>\n\n\n\n<p><\/p>\n\n\n\n<p><\/p>\n","protected":false},"excerpt":{"rendered":"<p>Ambition 21 lutte contre le d\u00e9crochage scolaire par le num\u00e9rique et agit avant que l\u2019\u00e9l\u00e8ve ne d\u00e9croche. Le projet Ambition [&hellip;]<\/p>\n","protected":false},"author":2,"featured_media":0,"parent":0,"menu_order":0,"comment_status":"closed","ping_status":"closed","template":"","meta":{"_uag_custom_page_level_css":"","site-sidebar-layout":"default","site-content-layout":"","ast-site-content-layout":"","site-content-style":"default","site-sidebar-style":"default","ast-global-header-display":"","ast-banner-title-visibility":"","ast-main-header-display":"","ast-hfb-above-header-display":"","ast-hfb-below-header-display":"","ast-hfb-mobile-header-display":"","site-post-title":"disabled","ast-breadcrumbs-content":"","ast-featured-img":"","footer-sml-layout":"","theme-transparent-header-meta":"","adv-header-id-meta":"","stick-header-meta":"","header-above-stick-meta":"","header-main-stick-meta":"","header-below-stick-meta":"","astra-migrate-meta-layouts":"default","ast-page-background-enabled":"default","ast-page-background-meta":{"desktop":{"background-color":"var(--ast-global-color-4)","background-image":"","background-repeat":"repeat","background-position":"center center","background-size":"auto","background-attachment":"scroll","background-type":"","background-media":"","overlay-type":"","overlay-color":"","overlay-opacity":"","overlay-gradient":""},"tablet":{"background-color":"","background-image":"","background-repeat":"repeat","background-position":"center center","background-size":"auto","background-attachment":"scroll","background-type":"","background-media":"","overlay-type":"","overlay-color":"","overlay-opacity":"","overlay-gradient":""},"mobile":{"background-color":"","background-image":"","background-repeat":"repeat","background-position":"center center","background-size":"auto","background-attachment":"scroll","background-type":"","background-media":"","overlay-type":"","overlay-color":"","overlay-opacity":"","overlay-gradient":""}},"ast-content-background-meta":{"desktop":{"background-color":"var(--ast-global-color-5)","background-image":"","background-repeat":"repeat","background-position":"center center","background-size":"auto","background-attachment":"scroll","background-type":"","background-media":"","overlay-type":"","overlay-color":"","overlay-opacity":"","overlay-gradient":""},"tablet":{"background-color":"var(--ast-global-color-5)","background-image":"","background-repeat":"repeat","background-position":"center center","background-size":"auto","background-attachment":"scroll","background-type":"","background-media":"","overlay-type":"","overlay-color":"","overlay-opacity":"","overlay-gradient":""},"mobile":{"background-color":"var(--ast-global-color-5)","background-image":"","background-repeat":"repeat","background-position":"center center","background-size":"auto","background-attachment":"scroll","background-type":"","background-media":"","overlay-type":"","overlay-color":"","overlay-opacity":"","overlay-gradient":""}},"footnotes":""},"class_list":["post-19","page","type-page","status-publish","hentry"],"yoast_head":"<!-- This site is optimized with the Yoast SEO plugin v24.5 - https:\/\/yoast.com\/wordpress\/plugins\/seo\/ -->\n<title>Home -<\/title>\n<meta name=\"robots\" content=\"index, follow, max-snippet:-1, max-image-preview:large, max-video-preview:-1\" \/>\n<link rel=\"canonical\" href=\"https:\/\/ambition21.fr\/\" \/>\n<meta property=\"og:locale\" content=\"fr_FR\" \/>\n<meta property=\"og:type\" content=\"article\" \/>\n<meta property=\"og:title\" content=\"Home -\" \/>\n<meta property=\"og:description\" content=\"Ambition 21 lutte contre le d\u00e9crochage scolaire par le num\u00e9rique et agit avant que l\u2019\u00e9l\u00e8ve ne d\u00e9croche. Le projet Ambition [&hellip;]\" \/>\n<meta property=\"og:url\" content=\"https:\/\/ambition21.fr\/\" \/>\n<meta property=\"article:modified_time\" content=\"2026-03-10T13:39:11+00:00\" \/>\n<meta property=\"og:image\" content=\"https:\/\/ambition21.fr\/wp-content\/uploads\/2025\/03\/logo-ambition-21.png\" \/>\n\t<meta property=\"og:image:width\" content=\"3283\" \/>\n\t<meta property=\"og:image:height\" content=\"701\" \/>\n\t<meta property=\"og:image:type\" content=\"image\/png\" \/>\n<meta name=\"twitter:card\" content=\"summary_large_image\" \/>\n<meta name=\"twitter:label1\" content=\"Dur\u00e9e de lecture estim\u00e9e\" \/>\n\t<meta name=\"twitter:data1\" content=\"2 minutes\" \/>\n<script type=\"application\/ld+json\" class=\"yoast-schema-graph\">{\"@context\":\"https:\/\/schema.org\",\"@graph\":[{\"@type\":\"WebPage\",\"@id\":\"https:\/\/ambition21.fr\/\",\"url\":\"https:\/\/ambition21.fr\/\",\"name\":\"Home -\",\"isPartOf\":{\"@id\":\"https:\/\/ambition21.fr\/#website\"},\"datePublished\":\"2024-09-13T13:06:07+00:00\",\"dateModified\":\"2026-03-10T13:39:11+00:00\",\"breadcrumb\":{\"@id\":\"https:\/\/ambition21.fr\/#breadcrumb\"},\"inLanguage\":\"fr-FR\",\"potentialAction\":[{\"@type\":\"ReadAction\",\"target\":[\"https:\/\/ambition21.fr\/\"]}]},{\"@type\":\"BreadcrumbList\",\"@id\":\"https:\/\/ambition21.fr\/#breadcrumb\",\"itemListElement\":[{\"@type\":\"ListItem\",\"position\":1,\"name\":\"Accueil\",\"item\":\"https:\/\/ambition21.fr\/\"},{\"@type\":\"ListItem\",\"position\":2,\"name\":\"Home\"}]},{\"@type\":\"WebSite\",\"@id\":\"https:\/\/ambition21.fr\/#website\",\"url\":\"https:\/\/ambition21.fr\/\",\"name\":\"Ambition 21\",\"description\":\"Former tous les talents aux comp\u00e9tences du 21\u00e8me s\u00e8cle\",\"publisher\":{\"@id\":\"https:\/\/ambition21.fr\/#organization\"},\"potentialAction\":[{\"@type\":\"SearchAction\",\"target\":{\"@type\":\"EntryPoint\",\"urlTemplate\":\"https:\/\/ambition21.fr\/?s={search_term_string}\"},\"query-input\":{\"@type\":\"PropertyValueSpecification\",\"valueRequired\":true,\"valueName\":\"search_term_string\"}}],\"inLanguage\":\"fr-FR\"},{\"@type\":\"Organization\",\"@id\":\"https:\/\/ambition21.fr\/#organization\",\"name\":\"Ambition 21\",\"url\":\"https:\/\/ambition21.fr\/\",\"logo\":{\"@type\":\"ImageObject\",\"inLanguage\":\"fr-FR\",\"@id\":\"https:\/\/ambition21.fr\/#\/schema\/logo\/image\/\",\"url\":\"https:\/\/ambition21.fr\/wp-content\/uploads\/2024\/10\/cropped-logo-site-1.png\",\"contentUrl\":\"https:\/\/ambition21.fr\/wp-content\/uploads\/2024\/10\/cropped-logo-site-1.png\",\"width\":743,\"height\":136,\"caption\":\"Ambition 21\"},\"image\":{\"@id\":\"https:\/\/ambition21.fr\/#\/schema\/logo\/image\/\"}}]}<\/script>\n<!-- \/ Yoast SEO plugin. -->","yoast_head_json":{"title":"Home -","robots":{"index":"index","follow":"follow","max-snippet":"max-snippet:-1","max-image-preview":"max-image-preview:large","max-video-preview":"max-video-preview:-1"},"canonical":"https:\/\/ambition21.fr\/","og_locale":"fr_FR","og_type":"article","og_title":"Home -","og_description":"Ambition 21 lutte contre le d\u00e9crochage scolaire par le num\u00e9rique et agit avant que l\u2019\u00e9l\u00e8ve ne d\u00e9croche. Le projet Ambition [&hellip;]","og_url":"https:\/\/ambition21.fr\/","article_modified_time":"2026-03-10T13:39:11+00:00","og_image":[{"width":3283,"height":701,"url":"https:\/\/ambition21.fr\/wp-content\/uploads\/2025\/03\/logo-ambition-21.png","type":"image\/png"}],"twitter_card":"summary_large_image","twitter_misc":{"Dur\u00e9e de lecture estim\u00e9e":"2 minutes"},"schema":{"@context":"https:\/\/schema.org","@graph":[{"@type":"WebPage","@id":"https:\/\/ambition21.fr\/","url":"https:\/\/ambition21.fr\/","name":"Home -","isPartOf":{"@id":"https:\/\/ambition21.fr\/#website"},"datePublished":"2024-09-13T13:06:07+00:00","dateModified":"2026-03-10T13:39:11+00:00","breadcrumb":{"@id":"https:\/\/ambition21.fr\/#breadcrumb"},"inLanguage":"fr-FR","potentialAction":[{"@type":"ReadAction","target":["https:\/\/ambition21.fr\/"]}]},{"@type":"BreadcrumbList","@id":"https:\/\/ambition21.fr\/#breadcrumb","itemListElement":[{"@type":"ListItem","position":1,"name":"Accueil","item":"https:\/\/ambition21.fr\/"},{"@type":"ListItem","position":2,"name":"Home"}]},{"@type":"WebSite","@id":"https:\/\/ambition21.fr\/#website","url":"https:\/\/ambition21.fr\/","name":"Ambition 21","description":"Former tous les talents aux comp\u00e9tences du 21\u00e8me s\u00e8cle","publisher":{"@id":"https:\/\/ambition21.fr\/#organization"},"potentialAction":[{"@type":"SearchAction","target":{"@type":"EntryPoint","urlTemplate":"https:\/\/ambition21.fr\/?s={search_term_string}"},"query-input":{"@type":"PropertyValueSpecification","valueRequired":true,"valueName":"search_term_string"}}],"inLanguage":"fr-FR"},{"@type":"Organization","@id":"https:\/\/ambition21.fr\/#organization","name":"Ambition 21","url":"https:\/\/ambition21.fr\/","logo":{"@type":"ImageObject","inLanguage":"fr-FR","@id":"https:\/\/ambition21.fr\/#\/schema\/logo\/image\/","url":"https:\/\/ambition21.fr\/wp-content\/uploads\/2024\/10\/cropped-logo-site-1.png","contentUrl":"https:\/\/ambition21.fr\/wp-content\/uploads\/2024\/10\/cropped-logo-site-1.png","width":743,"height":136,"caption":"Ambition 21"},"image":{"@id":"https:\/\/ambition21.fr\/#\/schema\/logo\/image\/"}}]}},"uagb_featured_image_src":{"full":false,"thumbnail":false,"medium":false,"medium_large":false,"large":false,"1536x1536":false,"2048x2048":false},"uagb_author_info":{"display_name":"Clarisse Perquin","author_link":"https:\/\/ambition21.fr\/?author=2"},"uagb_comment_info":0,"uagb_excerpt":"Ambition 21 lutte contre le d\u00e9crochage scolaire par le num\u00e9rique et agit avant que l\u2019\u00e9l\u00e8ve ne d\u00e9croche. Le projet Ambition [&hellip;]","_links":{"self":[{"href":"https:\/\/ambition21.fr\/index.php?rest_route=\/wp\/v2\/pages\/19","targetHints":{"allow":["GET"]}}],"collection":[{"href":"https:\/\/ambition21.fr\/index.php?rest_route=\/wp\/v2\/pages"}],"about":[{"href":"https:\/\/ambition21.fr\/index.php?rest_route=\/wp\/v2\/types\/page"}],"author":[{"embeddable":true,"href":"https:\/\/ambition21.fr\/index.php?rest_route=\/wp\/v2\/users\/2"}],"replies":[{"embeddable":true,"href":"https:\/\/ambition21.fr\/index.php?rest_route=%2Fwp%2Fv2%2Fcomments&post=19"}],"version-history":[{"count":173,"href":"https:\/\/ambition21.fr\/index.php?rest_route=\/wp\/v2\/pages\/19\/revisions"}],"predecessor-version":[{"id":674,"href":"https:\/\/ambition21.fr\/index.php?rest_route=\/wp\/v2\/pages\/19\/revisions\/674"}],"wp:attachment":[{"href":"https:\/\/ambition21.fr\/index.php?rest_route=%2Fwp%2Fv2%2Fmedia&parent=19"}],"curies":[{"name":"wp","href":"https:\/\/api.w.org\/{rel}","templated":true}]}}