{"id":505,"date":"2024-12-17T21:44:22","date_gmt":"2024-12-17T21:44:22","guid":{"rendered":"https:\/\/ambition21.fr\/?page_id=505"},"modified":"2025-02-27T10:31:39","modified_gmt":"2025-02-27T10:31:39","slug":"pedagogie","status":"publish","type":"page","link":"https:\/\/ambition21.fr\/?page_id=505","title":{"rendered":"Retours p\u00e9dagogiques"},"content":{"rendered":"\n<p><\/p>\n\n\n\n<p class=\"has-vivid-red-color has-text-color has-link-color wp-elements-c9365267f914bd71ea50e5e539e3962b\"><\/p>\n\n\n<ul class=\"wp-block-latest-posts__list is-grid columns-3 alignleft wp-block-latest-posts\"><li><div class=\"wp-block-latest-posts__featured-image\"><img loading=\"lazy\" decoding=\"async\" width=\"300\" height=\"227\" src=\"https:\/\/ambition21.fr\/wp-content\/uploads\/2025\/02\/Image-97-300x227.jpeg\" class=\"attachment-medium size-medium wp-post-image\" alt=\"\" style=\"\" srcset=\"https:\/\/ambition21.fr\/wp-content\/uploads\/2025\/02\/Image-97-300x227.jpeg 300w, https:\/\/ambition21.fr\/wp-content\/uploads\/2025\/02\/Image-97-1024x774.jpeg 1024w, https:\/\/ambition21.fr\/wp-content\/uploads\/2025\/02\/Image-97-768x581.jpeg 768w, https:\/\/ambition21.fr\/wp-content\/uploads\/2025\/02\/Image-97.jpeg 1365w\" sizes=\"auto, (max-width: 300px) 100vw, 300px\" \/><\/div><a class=\"wp-block-latest-posts__post-title\" href=\"https:\/\/ambition21.fr\/?p=559\">\u00c9cole inclusive<\/a><div class=\"wp-block-latest-posts__post-excerpt\">Le projet Ambition 21 FSE+ soutient l&rsquo;\u00e9cole inclusive : r\u00e9union de pr\u00e9sentation de\u2026 <a class=\"wp-block-latest-posts__read-more\" href=\"https:\/\/ambition21.fr\/?p=559\" rel=\"noopener noreferrer\">Lire la suite<span class=\"screen-reader-text\">\u00a0: \u00c9cole inclusive<\/span><\/a><\/div><\/li>\n<li><div class=\"wp-block-latest-posts__featured-image\"><img loading=\"lazy\" decoding=\"async\" width=\"300\" height=\"200\" src=\"https:\/\/ambition21.fr\/wp-content\/uploads\/2024\/12\/amenagement-espaces-scolaires-300x200.jpg\" class=\"attachment-medium size-medium wp-post-image\" alt=\"\" style=\"\" srcset=\"https:\/\/ambition21.fr\/wp-content\/uploads\/2024\/12\/amenagement-espaces-scolaires-300x200.jpg 300w, https:\/\/ambition21.fr\/wp-content\/uploads\/2024\/12\/amenagement-espaces-scolaires-1024x684.jpg 1024w, https:\/\/ambition21.fr\/wp-content\/uploads\/2024\/12\/amenagement-espaces-scolaires-768x513.jpg 768w, https:\/\/ambition21.fr\/wp-content\/uploads\/2024\/12\/amenagement-espaces-scolaires.jpg 1201w\" sizes=\"auto, (max-width: 300px) 100vw, 300px\" \/><\/div><a class=\"wp-block-latest-posts__post-title\" href=\"https:\/\/ambition21.fr\/?p=551\">Am\u00e9nagement des espaces : Vandoeuvre-l\u00e8s-Nancy<\/a><div class=\"wp-block-latest-posts__post-excerpt\">R\u00e9flexion sur l&rsquo;am\u00e9nagement des espaces \u00e0 la Cit\u00e9 scolaire Jacques Callot de Vandoeuvre-l\u00e8s-Nancy.\u2026 <a class=\"wp-block-latest-posts__read-more\" href=\"https:\/\/ambition21.fr\/?p=551\" rel=\"noopener noreferrer\">Lire la suite<span class=\"screen-reader-text\">\u00a0: Am\u00e9nagement des espaces : Vandoeuvre-l\u00e8s-Nancy<\/span><\/a><\/div><\/li>\n<li><div class=\"wp-block-latest-posts__featured-image\"><img loading=\"lazy\" decoding=\"async\" width=\"300\" height=\"202\" src=\"https:\/\/ambition21.fr\/wp-content\/uploads\/2024\/12\/amenagement-espaces-scolaires-1-300x202.jpg\" class=\"attachment-medium size-medium wp-post-image\" alt=\"\" style=\"\" srcset=\"https:\/\/ambition21.fr\/wp-content\/uploads\/2024\/12\/amenagement-espaces-scolaires-1-300x202.jpg 300w, https:\/\/ambition21.fr\/wp-content\/uploads\/2024\/12\/amenagement-espaces-scolaires-1-1024x689.jpg 1024w, https:\/\/ambition21.fr\/wp-content\/uploads\/2024\/12\/amenagement-espaces-scolaires-1-768x517.jpg 768w, https:\/\/ambition21.fr\/wp-content\/uploads\/2024\/12\/amenagement-espaces-scolaires-1-1536x1034.jpg 1536w, https:\/\/ambition21.fr\/wp-content\/uploads\/2024\/12\/amenagement-espaces-scolaires-1-2048x1379.jpg 2048w\" sizes=\"auto, (max-width: 300px) 100vw, 300px\" \/><\/div><a class=\"wp-block-latest-posts__post-title\" href=\"https:\/\/ambition21.fr\/?p=549\">Am\u00e9nagement des espaces : Flavigny-sur-Moselle<\/a><div class=\"wp-block-latest-posts__post-excerpt\">Une partie de l&rsquo;\u00e9quipe Ambition 21 est \u00e0 Flavigny-sur-Moselle, \u00e0 l&rsquo;EREA Fran\u00e7ois-Richard Joubert,\u2026 <a class=\"wp-block-latest-posts__read-more\" href=\"https:\/\/ambition21.fr\/?p=549\" rel=\"noopener noreferrer\">Lire la suite<span class=\"screen-reader-text\">\u00a0: Am\u00e9nagement des espaces : Flavigny-sur-Moselle<\/span><\/a><\/div><\/li>\n<\/ul>\n\n\n<p><\/p>\n","protected":false},"excerpt":{"rendered":"","protected":false},"author":2,"featured_media":0,"parent":0,"menu_order":0,"comment_status":"closed","ping_status":"closed","template":"","meta":{"_uag_custom_page_level_css":"","site-sidebar-layout":"default","site-content-layout":"","ast-site-content-layout":"","site-content-style":"default","site-sidebar-style":"default","ast-global-header-display":"","ast-banner-title-visibility":"","ast-main-header-display":"","ast-hfb-above-header-display":"","ast-hfb-below-header-display":"","ast-hfb-mobile-header-display":"","site-post-title":"","ast-breadcrumbs-content":"","ast-featured-img":"","footer-sml-layout":"","theme-transparent-header-meta":"","adv-header-id-meta":"","stick-header-meta":"","header-above-stick-meta":"","header-main-stick-meta":"","header-below-stick-meta":"","astra-migrate-meta-layouts":"default","ast-page-background-enabled":"default","ast-page-background-meta":{"desktop":{"background-color":"var(--ast-global-color-4)","background-image":"","background-repeat":"repeat","background-position":"center center","background-size":"auto","background-attachment":"scroll","background-type":"","background-media":"","overlay-type":"","overlay-color":"","overlay-opacity":"","overlay-gradient":""},"tablet":{"background-color":"","background-image":"","background-repeat":"repeat","background-position":"center center","background-size":"auto","background-attachment":"scroll","background-type":"","background-media":"","overlay-type":"","overlay-color":"","overlay-opacity":"","overlay-gradient":""},"mobile":{"background-color":"","background-image":"","background-repeat":"repeat","background-position":"center center","background-size":"auto","background-attachment":"scroll","background-type":"","background-media":"","overlay-type":"","overlay-color":"","overlay-opacity":"","overlay-gradient":""}},"ast-content-background-meta":{"desktop":{"background-color":"var(--ast-global-color-5)","background-image":"","background-repeat":"repeat","background-position":"center center","background-size":"auto","background-attachment":"scroll","background-type":"","background-media":"","overlay-type":"","overlay-color":"","overlay-opacity":"","overlay-gradient":""},"tablet":{"background-color":"var(--ast-global-color-5)","background-image":"","background-repeat":"repeat","background-position":"center center","background-size":"auto","background-attachment":"scroll","background-type":"","background-media":"","overlay-type":"","overlay-color":"","overlay-opacity":"","overlay-gradient":""},"mobile":{"background-color":"var(--ast-global-color-5)","background-image":"","background-repeat":"repeat","background-position":"center center","background-size":"auto","background-attachment":"scroll","background-type":"","background-media":"","overlay-type":"","overlay-color":"","overlay-opacity":"","overlay-gradient":""}},"footnotes":""},"class_list":["post-505","page","type-page","status-publish","hentry"],"yoast_head":"<!-- This site is optimized with the Yoast SEO plugin v24.5 - https:\/\/yoast.com\/wordpress\/plugins\/seo\/ -->\n<title>Retours p\u00e9dagogiques -<\/title>\n<meta name=\"robots\" content=\"index, follow, max-snippet:-1, max-image-preview:large, max-video-preview:-1\" \/>\n<link rel=\"canonical\" href=\"https:\/\/ambition21.fr\/?page_id=505\" \/>\n<meta property=\"og:locale\" content=\"fr_FR\" \/>\n<meta property=\"og:type\" content=\"article\" \/>\n<meta property=\"og:title\" content=\"Retours p\u00e9dagogiques -\" \/>\n<meta property=\"og:url\" content=\"https:\/\/ambition21.fr\/?page_id=505\" \/>\n<meta property=\"article:modified_time\" content=\"2025-02-27T10:31:39+00:00\" \/>\n<meta property=\"og:image\" content=\"https:\/\/ambition21.fr\/wp-content\/uploads\/2025\/03\/logo-ambition-21.png\" \/>\n\t<meta property=\"og:image:width\" content=\"3283\" \/>\n\t<meta property=\"og:image:height\" content=\"701\" \/>\n\t<meta property=\"og:image:type\" content=\"image\/png\" \/>\n<meta name=\"twitter:card\" content=\"summary_large_image\" \/>\n<meta name=\"twitter:label1\" content=\"Dur\u00e9e de lecture estim\u00e9e\" \/>\n\t<meta name=\"twitter:data1\" content=\"1 minute\" \/>\n<script type=\"application\/ld+json\" class=\"yoast-schema-graph\">{\"@context\":\"https:\/\/schema.org\",\"@graph\":[{\"@type\":\"WebPage\",\"@id\":\"https:\/\/ambition21.fr\/?page_id=505\",\"url\":\"https:\/\/ambition21.fr\/?page_id=505\",\"name\":\"Retours p\u00e9dagogiques -\",\"isPartOf\":{\"@id\":\"https:\/\/ambition21.fr\/#website\"},\"datePublished\":\"2024-12-17T21:44:22+00:00\",\"dateModified\":\"2025-02-27T10:31:39+00:00\",\"breadcrumb\":{\"@id\":\"https:\/\/ambition21.fr\/?page_id=505#breadcrumb\"},\"inLanguage\":\"fr-FR\",\"potentialAction\":[{\"@type\":\"ReadAction\",\"target\":[\"https:\/\/ambition21.fr\/?page_id=505\"]}]},{\"@type\":\"BreadcrumbList\",\"@id\":\"https:\/\/ambition21.fr\/?page_id=505#breadcrumb\",\"itemListElement\":[{\"@type\":\"ListItem\",\"position\":1,\"name\":\"Accueil\",\"item\":\"https:\/\/ambition21.fr\/\"},{\"@type\":\"ListItem\",\"position\":2,\"name\":\"P\u00e9dagogie\"}]},{\"@type\":\"WebSite\",\"@id\":\"https:\/\/ambition21.fr\/#website\",\"url\":\"https:\/\/ambition21.fr\/\",\"name\":\"Ambition 21\",\"description\":\"Former tous les talents aux comp\u00e9tences du 21\u00e8me s\u00e8cle\",\"publisher\":{\"@id\":\"https:\/\/ambition21.fr\/#organization\"},\"potentialAction\":[{\"@type\":\"SearchAction\",\"target\":{\"@type\":\"EntryPoint\",\"urlTemplate\":\"https:\/\/ambition21.fr\/?s={search_term_string}\"},\"query-input\":{\"@type\":\"PropertyValueSpecification\",\"valueRequired\":true,\"valueName\":\"search_term_string\"}}],\"inLanguage\":\"fr-FR\"},{\"@type\":\"Organization\",\"@id\":\"https:\/\/ambition21.fr\/#organization\",\"name\":\"Ambition 21\",\"url\":\"https:\/\/ambition21.fr\/\",\"logo\":{\"@type\":\"ImageObject\",\"inLanguage\":\"fr-FR\",\"@id\":\"https:\/\/ambition21.fr\/#\/schema\/logo\/image\/\",\"url\":\"https:\/\/ambition21.fr\/wp-content\/uploads\/2024\/10\/cropped-logo-site-1.png\",\"contentUrl\":\"https:\/\/ambition21.fr\/wp-content\/uploads\/2024\/10\/cropped-logo-site-1.png\",\"width\":743,\"height\":136,\"caption\":\"Ambition 21\"},\"image\":{\"@id\":\"https:\/\/ambition21.fr\/#\/schema\/logo\/image\/\"}}]}<\/script>\n<!-- \/ Yoast SEO plugin. -->","yoast_head_json":{"title":"Retours p\u00e9dagogiques -","robots":{"index":"index","follow":"follow","max-snippet":"max-snippet:-1","max-image-preview":"max-image-preview:large","max-video-preview":"max-video-preview:-1"},"canonical":"https:\/\/ambition21.fr\/?page_id=505","og_locale":"fr_FR","og_type":"article","og_title":"Retours p\u00e9dagogiques -","og_url":"https:\/\/ambition21.fr\/?page_id=505","article_modified_time":"2025-02-27T10:31:39+00:00","og_image":[{"width":3283,"height":701,"url":"https:\/\/ambition21.fr\/wp-content\/uploads\/2025\/03\/logo-ambition-21.png","type":"image\/png"}],"twitter_card":"summary_large_image","twitter_misc":{"Dur\u00e9e de lecture estim\u00e9e":"1 minute"},"schema":{"@context":"https:\/\/schema.org","@graph":[{"@type":"WebPage","@id":"https:\/\/ambition21.fr\/?page_id=505","url":"https:\/\/ambition21.fr\/?page_id=505","name":"Retours p\u00e9dagogiques -","isPartOf":{"@id":"https:\/\/ambition21.fr\/#website"},"datePublished":"2024-12-17T21:44:22+00:00","dateModified":"2025-02-27T10:31:39+00:00","breadcrumb":{"@id":"https:\/\/ambition21.fr\/?page_id=505#breadcrumb"},"inLanguage":"fr-FR","potentialAction":[{"@type":"ReadAction","target":["https:\/\/ambition21.fr\/?page_id=505"]}]},{"@type":"BreadcrumbList","@id":"https:\/\/ambition21.fr\/?page_id=505#breadcrumb","itemListElement":[{"@type":"ListItem","position":1,"name":"Accueil","item":"https:\/\/ambition21.fr\/"},{"@type":"ListItem","position":2,"name":"P\u00e9dagogie"}]},{"@type":"WebSite","@id":"https:\/\/ambition21.fr\/#website","url":"https:\/\/ambition21.fr\/","name":"Ambition 21","description":"Former tous les talents aux comp\u00e9tences du 21\u00e8me s\u00e8cle","publisher":{"@id":"https:\/\/ambition21.fr\/#organization"},"potentialAction":[{"@type":"SearchAction","target":{"@type":"EntryPoint","urlTemplate":"https:\/\/ambition21.fr\/?s={search_term_string}"},"query-input":{"@type":"PropertyValueSpecification","valueRequired":true,"valueName":"search_term_string"}}],"inLanguage":"fr-FR"},{"@type":"Organization","@id":"https:\/\/ambition21.fr\/#organization","name":"Ambition 21","url":"https:\/\/ambition21.fr\/","logo":{"@type":"ImageObject","inLanguage":"fr-FR","@id":"https:\/\/ambition21.fr\/#\/schema\/logo\/image\/","url":"https:\/\/ambition21.fr\/wp-content\/uploads\/2024\/10\/cropped-logo-site-1.png","contentUrl":"https:\/\/ambition21.fr\/wp-content\/uploads\/2024\/10\/cropped-logo-site-1.png","width":743,"height":136,"caption":"Ambition 21"},"image":{"@id":"https:\/\/ambition21.fr\/#\/schema\/logo\/image\/"}}]}},"uagb_featured_image_src":{"full":false,"thumbnail":false,"medium":false,"medium_large":false,"large":false,"1536x1536":false,"2048x2048":false},"uagb_author_info":{"display_name":"Clarisse Perquin","author_link":"https:\/\/ambition21.fr\/?author=2"},"uagb_comment_info":0,"uagb_excerpt":null,"_links":{"self":[{"href":"https:\/\/ambition21.fr\/index.php?rest_route=\/wp\/v2\/pages\/505","targetHints":{"allow":["GET"]}}],"collection":[{"href":"https:\/\/ambition21.fr\/index.php?rest_route=\/wp\/v2\/pages"}],"about":[{"href":"https:\/\/ambition21.fr\/index.php?rest_route=\/wp\/v2\/types\/page"}],"author":[{"embeddable":true,"href":"https:\/\/ambition21.fr\/index.php?rest_route=\/wp\/v2\/users\/2"}],"replies":[{"embeddable":true,"href":"https:\/\/ambition21.fr\/index.php?rest_route=%2Fwp%2Fv2%2Fcomments&post=505"}],"version-history":[{"count":18,"href":"https:\/\/ambition21.fr\/index.php?rest_route=\/wp\/v2\/pages\/505\/revisions"}],"predecessor-version":[{"id":680,"href":"https:\/\/ambition21.fr\/index.php?rest_route=\/wp\/v2\/pages\/505\/revisions\/680"}],"wp:attachment":[{"href":"https:\/\/ambition21.fr\/index.php?rest_route=%2Fwp%2Fv2%2Fmedia&parent=505"}],"curies":[{"name":"wp","href":"https:\/\/api.w.org\/{rel}","templated":true}]}}