{"id":57,"date":"2024-10-06T15:32:22","date_gmt":"2024-10-06T15:32:22","guid":{"rendered":"https:\/\/ambition21.fr\/?page_id=57"},"modified":"2025-02-06T10:12:05","modified_gmt":"2025-02-06T10:12:05","slug":"action-2-la-transformation-des-metiers","status":"publish","type":"page","link":"https:\/\/ambition21.fr\/?page_id=57","title":{"rendered":"Action 2 : La transformation des m\u00e9tiers"},"content":{"rendered":"\n<h3 class=\"wp-block-heading\"><strong>Objectifs vis\u00e9s, r\u00e9sultats attendus de l&rsquo;action<\/strong><\/h3>\n\n\n\n<h4 class=\"wp-block-heading\">Axe 1 &#8211; Ressources num\u00e9riques pour personnaliser les apprentissages<\/h4>\n\n\n\n<ul class=\"wp-block-list\">\n<li>Essaimage de ressources num\u00e9riques pour la p\u00e9dagogie diff\u00e9renci\u00e9e<\/li>\n\n\n\n<li>Tableaux de bord individualis\u00e9s pour donner les moyens \u00e0 chaque \u00e9l\u00e8ve de progresser \u00e0 son rythme.<\/li>\n<\/ul>\n\n\n\n<h4 class=\"wp-block-heading\">Axe 2 &#8211; Environnements immersifs<\/h4>\n\n\n\n<ul class=\"wp-block-list\">\n<li>Des projets p\u00e9dagogiques incluant la r\u00e9alit\u00e9 virtuelle et\/ou augment\u00e9e, accompagner aux usages, construire des ressources.<\/li>\n<\/ul>\n\n\n\n<h4 class=\"wp-block-heading\">Axe 3 &#8211; Aide \u00e0 la r\u00e9ussite en situation d&rsquo;\u00e9valuation<\/h4>\n\n\n\n<ul class=\"wp-block-list\">\n<li>Exp\u00e9rimentation et productions de ressources mutualis\u00e9es<\/li>\n\n\n\n<li>Fourniture de tableaux de bord de traces d&rsquo;apprentissage offrant aux \u00e9l\u00e8ves une vue sur les progr\u00e8s et les difficult\u00e9s<\/li>\n\n\n\n<li>Remise de certification pour accro\u00eetre l&rsquo;engagement et la motivation.<\/li>\n<\/ul>\n\n\n\n<figure class=\"wp-block-image aligncenter size-large is-resized\"><img loading=\"lazy\" decoding=\"async\" width=\"1024\" height=\"27\" src=\"https:\/\/ambition21.fr\/wp-content\/uploads\/2024\/10\/bande-couleur-1024x27.png\" alt=\"\" class=\"wp-image-295\" style=\"width:1200px;height:auto\" srcset=\"https:\/\/ambition21.fr\/wp-content\/uploads\/2024\/10\/bande-couleur-1024x27.png 1024w, https:\/\/ambition21.fr\/wp-content\/uploads\/2024\/10\/bande-couleur-300x8.png 300w, https:\/\/ambition21.fr\/wp-content\/uploads\/2024\/10\/bande-couleur-768x20.png 768w, https:\/\/ambition21.fr\/wp-content\/uploads\/2024\/10\/bande-couleur-1536x40.png 1536w, https:\/\/ambition21.fr\/wp-content\/uploads\/2024\/10\/bande-couleur-2048x53.png 2048w\" sizes=\"auto, (max-width: 1024px) 100vw, 1024px\" \/><\/figure>\n\n\n\n<h3 class=\"wp-block-heading\"><strong>Moyens pr\u00e9vus et modalit\u00e9s de mise en \u0153uvre de l&rsquo;action<\/strong><\/h3>\n\n\n\n<ul class=\"wp-block-list\">\n<li>Favoriser la cr\u00e9ation de communaut\u00e9s de pratiques par des dynamiques de travail en r\u00e9seau dont les objectifs seront d&rsquo;exp\u00e9rimenter des ressources dans les classes, mises \u00e0 disposition sur une plateforme num\u00e9rique d&rsquo;\u00e9change ; d&rsquo;\u00e9changer sur les pratiques p\u00e9dagogiques, les projets ; diffuser les usages des ressources, avec des tutorats par exemple ; produire des ressources et en faire produire par les \u00e9l\u00e8ves et les partager au sein de la communaut\u00e9 et au-del\u00e0.<\/li>\n\n\n\n<li>Mise en place d&rsquo;un groupe de travail charg\u00e9 de construire une communaut\u00e9 des usages de la R\u00e9alit\u00e9 Virtuelle<\/li>\n\n\n\n<li>\u00c9tablissement d&rsquo;un \u00e9tat des lieux des mat\u00e9riels et usages de la R\u00e9alit\u00e9 Virtuelle<\/li>\n\n\n\n<li>Accompagnement par des experts du domaine<\/li>\n\n\n\n<li>Accompagnement des projets de R\u00e9alit\u00e9 Virtuelle<\/li>\n\n\n\n<li>Exp\u00e9rimentation et production de ressources et d&rsquo;outils de diff\u00e9renciation<\/li>\n\n\n\n<li>Mise \u00e0 disposition de tableaux de bord de progression<\/li>\n\n\n\n<li>Outils de certification et de valorisation motivationnels<\/li>\n\n\n\n<li>Accompagnement par des experts.<\/li>\n<\/ul>\n\n\n\n<div class=\"wp-block-uagb-container uagb-block-a6efd1e3 alignfull uagb-is-root-container\"><div class=\"uagb-container-inner-blocks-wrap\"><\/div><\/div>\n","protected":false},"excerpt":{"rendered":"<p>Objectifs vis\u00e9s, r\u00e9sultats attendus de l&rsquo;action Axe 1 &#8211; Ressources num\u00e9riques pour personnaliser les apprentissages Axe 2 &#8211; Environnements immersifs [&hellip;]<\/p>\n","protected":false},"author":2,"featured_media":319,"parent":0,"menu_order":0,"comment_status":"closed","ping_status":"closed","template":"","meta":{"_uag_custom_page_level_css":"","site-sidebar-layout":"default","site-content-layout":"","ast-site-content-layout":"","site-content-style":"default","site-sidebar-style":"default","ast-global-header-display":"","ast-banner-title-visibility":"","ast-main-header-display":"","ast-hfb-above-header-display":"","ast-hfb-below-header-display":"","ast-hfb-mobile-header-display":"","site-post-title":"","ast-breadcrumbs-content":"","ast-featured-img":"","footer-sml-layout":"","theme-transparent-header-meta":"","adv-header-id-meta":"","stick-header-meta":"","header-above-stick-meta":"","header-main-stick-meta":"","header-below-stick-meta":"","astra-migrate-meta-layouts":"default","ast-page-background-enabled":"default","ast-page-background-meta":{"desktop":{"background-color":"var(--ast-global-color-4)","background-image":"","background-repeat":"repeat","background-position":"center center","background-size":"auto","background-attachment":"scroll","background-type":"","background-media":"","overlay-type":"","overlay-color":"","overlay-opacity":"","overlay-gradient":""},"tablet":{"background-color":"","background-image":"","background-repeat":"repeat","background-position":"center center","background-size":"auto","background-attachment":"scroll","background-type":"","background-media":"","overlay-type":"","overlay-color":"","overlay-opacity":"","overlay-gradient":""},"mobile":{"background-color":"","background-image":"","background-repeat":"repeat","background-position":"center center","background-size":"auto","background-attachment":"scroll","background-type":"","background-media":"","overlay-type":"","overlay-color":"","overlay-opacity":"","overlay-gradient":""}},"ast-content-background-meta":{"desktop":{"background-color":"var(--ast-global-color-5)","background-image":"","background-repeat":"repeat","background-position":"center center","background-size":"auto","background-attachment":"scroll","background-type":"","background-media":"","overlay-type":"","overlay-color":"","overlay-opacity":"","overlay-gradient":""},"tablet":{"background-color":"var(--ast-global-color-5)","background-image":"","background-repeat":"repeat","background-position":"center center","background-size":"auto","background-attachment":"scroll","background-type":"","background-media":"","overlay-type":"","overlay-color":"","overlay-opacity":"","overlay-gradient":""},"mobile":{"background-color":"var(--ast-global-color-5)","background-image":"","background-repeat":"repeat","background-position":"center center","background-size":"auto","background-attachment":"scroll","background-type":"","background-media":"","overlay-type":"","overlay-color":"","overlay-opacity":"","overlay-gradient":""}},"footnotes":""},"class_list":["post-57","page","type-page","status-publish","has-post-thumbnail","hentry"],"yoast_head":"<!-- This site is optimized with the Yoast SEO plugin v24.5 - https:\/\/yoast.com\/wordpress\/plugins\/seo\/ -->\n<title>Action 2 : La transformation des m\u00e9tiers -<\/title>\n<meta name=\"robots\" content=\"index, follow, max-snippet:-1, max-image-preview:large, max-video-preview:-1\" \/>\n<link rel=\"canonical\" href=\"https:\/\/ambition21.fr\/?page_id=57\" \/>\n<meta property=\"og:locale\" content=\"fr_FR\" \/>\n<meta property=\"og:type\" content=\"article\" \/>\n<meta property=\"og:title\" content=\"Action 2 : La transformation des m\u00e9tiers -\" \/>\n<meta property=\"og:description\" content=\"Objectifs vis\u00e9s, r\u00e9sultats attendus de l&rsquo;action Axe 1 &#8211; Ressources num\u00e9riques pour personnaliser les apprentissages Axe 2 &#8211; Environnements immersifs [&hellip;]\" \/>\n<meta property=\"og:url\" content=\"https:\/\/ambition21.fr\/?page_id=57\" \/>\n<meta property=\"article:modified_time\" content=\"2025-02-06T10:12:05+00:00\" \/>\n<meta property=\"og:image\" content=\"https:\/\/ambition21.fr\/wp-content\/uploads\/2024\/10\/Action-2-scaled.jpg\" \/>\n\t<meta property=\"og:image:width\" content=\"2560\" \/>\n\t<meta property=\"og:image:height\" content=\"1703\" \/>\n\t<meta property=\"og:image:type\" content=\"image\/jpeg\" \/>\n<meta name=\"twitter:card\" content=\"summary_large_image\" \/>\n<meta name=\"twitter:label1\" content=\"Dur\u00e9e de lecture estim\u00e9e\" \/>\n\t<meta name=\"twitter:data1\" content=\"2 minutes\" \/>\n<script type=\"application\/ld+json\" class=\"yoast-schema-graph\">{\"@context\":\"https:\/\/schema.org\",\"@graph\":[{\"@type\":\"WebPage\",\"@id\":\"https:\/\/ambition21.fr\/?page_id=57\",\"url\":\"https:\/\/ambition21.fr\/?page_id=57\",\"name\":\"Action 2 : La transformation des m\u00e9tiers -\",\"isPartOf\":{\"@id\":\"https:\/\/ambition21.fr\/#website\"},\"primaryImageOfPage\":{\"@id\":\"https:\/\/ambition21.fr\/?page_id=57#primaryimage\"},\"image\":{\"@id\":\"https:\/\/ambition21.fr\/?page_id=57#primaryimage\"},\"thumbnailUrl\":\"https:\/\/ambition21.fr\/wp-content\/uploads\/2024\/10\/Action-2-scaled.jpg\",\"datePublished\":\"2024-10-06T15:32:22+00:00\",\"dateModified\":\"2025-02-06T10:12:05+00:00\",\"breadcrumb\":{\"@id\":\"https:\/\/ambition21.fr\/?page_id=57#breadcrumb\"},\"inLanguage\":\"fr-FR\",\"potentialAction\":[{\"@type\":\"ReadAction\",\"target\":[\"https:\/\/ambition21.fr\/?page_id=57\"]}]},{\"@type\":\"ImageObject\",\"inLanguage\":\"fr-FR\",\"@id\":\"https:\/\/ambition21.fr\/?page_id=57#primaryimage\",\"url\":\"https:\/\/ambition21.fr\/wp-content\/uploads\/2024\/10\/Action-2-scaled.jpg\",\"contentUrl\":\"https:\/\/ambition21.fr\/wp-content\/uploads\/2024\/10\/Action-2-scaled.jpg\",\"width\":2560,\"height\":1703},{\"@type\":\"BreadcrumbList\",\"@id\":\"https:\/\/ambition21.fr\/?page_id=57#breadcrumb\",\"itemListElement\":[{\"@type\":\"ListItem\",\"position\":1,\"name\":\"Accueil\",\"item\":\"https:\/\/ambition21.fr\/\"},{\"@type\":\"ListItem\",\"position\":2,\"name\":\"Action 2 : La transformation des m\u00e9tiers\"}]},{\"@type\":\"WebSite\",\"@id\":\"https:\/\/ambition21.fr\/#website\",\"url\":\"https:\/\/ambition21.fr\/\",\"name\":\"Ambition 21\",\"description\":\"Former tous les talents aux comp\u00e9tences du 21\u00e8me s\u00e8cle\",\"publisher\":{\"@id\":\"https:\/\/ambition21.fr\/#organization\"},\"potentialAction\":[{\"@type\":\"SearchAction\",\"target\":{\"@type\":\"EntryPoint\",\"urlTemplate\":\"https:\/\/ambition21.fr\/?s={search_term_string}\"},\"query-input\":{\"@type\":\"PropertyValueSpecification\",\"valueRequired\":true,\"valueName\":\"search_term_string\"}}],\"inLanguage\":\"fr-FR\"},{\"@type\":\"Organization\",\"@id\":\"https:\/\/ambition21.fr\/#organization\",\"name\":\"Ambition 21\",\"url\":\"https:\/\/ambition21.fr\/\",\"logo\":{\"@type\":\"ImageObject\",\"inLanguage\":\"fr-FR\",\"@id\":\"https:\/\/ambition21.fr\/#\/schema\/logo\/image\/\",\"url\":\"https:\/\/ambition21.fr\/wp-content\/uploads\/2024\/10\/cropped-logo-site-1.png\",\"contentUrl\":\"https:\/\/ambition21.fr\/wp-content\/uploads\/2024\/10\/cropped-logo-site-1.png\",\"width\":743,\"height\":136,\"caption\":\"Ambition 21\"},\"image\":{\"@id\":\"https:\/\/ambition21.fr\/#\/schema\/logo\/image\/\"}}]}<\/script>\n<!-- \/ Yoast SEO plugin. -->","yoast_head_json":{"title":"Action 2 : La transformation des m\u00e9tiers -","robots":{"index":"index","follow":"follow","max-snippet":"max-snippet:-1","max-image-preview":"max-image-preview:large","max-video-preview":"max-video-preview:-1"},"canonical":"https:\/\/ambition21.fr\/?page_id=57","og_locale":"fr_FR","og_type":"article","og_title":"Action 2 : La transformation des m\u00e9tiers -","og_description":"Objectifs vis\u00e9s, r\u00e9sultats attendus de l&rsquo;action Axe 1 &#8211; Ressources num\u00e9riques pour personnaliser les apprentissages Axe 2 &#8211; Environnements immersifs [&hellip;]","og_url":"https:\/\/ambition21.fr\/?page_id=57","article_modified_time":"2025-02-06T10:12:05+00:00","og_image":[{"width":2560,"height":1703,"url":"https:\/\/ambition21.fr\/wp-content\/uploads\/2024\/10\/Action-2-scaled.jpg","type":"image\/jpeg"}],"twitter_card":"summary_large_image","twitter_misc":{"Dur\u00e9e de lecture estim\u00e9e":"2 minutes"},"schema":{"@context":"https:\/\/schema.org","@graph":[{"@type":"WebPage","@id":"https:\/\/ambition21.fr\/?page_id=57","url":"https:\/\/ambition21.fr\/?page_id=57","name":"Action 2 : La transformation des m\u00e9tiers -","isPartOf":{"@id":"https:\/\/ambition21.fr\/#website"},"primaryImageOfPage":{"@id":"https:\/\/ambition21.fr\/?page_id=57#primaryimage"},"image":{"@id":"https:\/\/ambition21.fr\/?page_id=57#primaryimage"},"thumbnailUrl":"https:\/\/ambition21.fr\/wp-content\/uploads\/2024\/10\/Action-2-scaled.jpg","datePublished":"2024-10-06T15:32:22+00:00","dateModified":"2025-02-06T10:12:05+00:00","breadcrumb":{"@id":"https:\/\/ambition21.fr\/?page_id=57#breadcrumb"},"inLanguage":"fr-FR","potentialAction":[{"@type":"ReadAction","target":["https:\/\/ambition21.fr\/?page_id=57"]}]},{"@type":"ImageObject","inLanguage":"fr-FR","@id":"https:\/\/ambition21.fr\/?page_id=57#primaryimage","url":"https:\/\/ambition21.fr\/wp-content\/uploads\/2024\/10\/Action-2-scaled.jpg","contentUrl":"https:\/\/ambition21.fr\/wp-content\/uploads\/2024\/10\/Action-2-scaled.jpg","width":2560,"height":1703},{"@type":"BreadcrumbList","@id":"https:\/\/ambition21.fr\/?page_id=57#breadcrumb","itemListElement":[{"@type":"ListItem","position":1,"name":"Accueil","item":"https:\/\/ambition21.fr\/"},{"@type":"ListItem","position":2,"name":"Action 2 : La transformation des m\u00e9tiers"}]},{"@type":"WebSite","@id":"https:\/\/ambition21.fr\/#website","url":"https:\/\/ambition21.fr\/","name":"Ambition 21","description":"Former tous les talents aux comp\u00e9tences du 21\u00e8me s\u00e8cle","publisher":{"@id":"https:\/\/ambition21.fr\/#organization"},"potentialAction":[{"@type":"SearchAction","target":{"@type":"EntryPoint","urlTemplate":"https:\/\/ambition21.fr\/?s={search_term_string}"},"query-input":{"@type":"PropertyValueSpecification","valueRequired":true,"valueName":"search_term_string"}}],"inLanguage":"fr-FR"},{"@type":"Organization","@id":"https:\/\/ambition21.fr\/#organization","name":"Ambition 21","url":"https:\/\/ambition21.fr\/","logo":{"@type":"ImageObject","inLanguage":"fr-FR","@id":"https:\/\/ambition21.fr\/#\/schema\/logo\/image\/","url":"https:\/\/ambition21.fr\/wp-content\/uploads\/2024\/10\/cropped-logo-site-1.png","contentUrl":"https:\/\/ambition21.fr\/wp-content\/uploads\/2024\/10\/cropped-logo-site-1.png","width":743,"height":136,"caption":"Ambition 21"},"image":{"@id":"https:\/\/ambition21.fr\/#\/schema\/logo\/image\/"}}]}},"uagb_featured_image_src":{"full":["https:\/\/ambition21.fr\/wp-content\/uploads\/2024\/10\/Action-2-scaled.jpg",2560,1703,false],"thumbnail":["https:\/\/ambition21.fr\/wp-content\/uploads\/2024\/10\/Action-2-150x150.jpg",150,150,true],"medium":["https:\/\/ambition21.fr\/wp-content\/uploads\/2024\/10\/Action-2-300x200.jpg",300,200,true],"medium_large":["https:\/\/ambition21.fr\/wp-content\/uploads\/2024\/10\/Action-2-768x511.jpg",768,511,true],"large":["https:\/\/ambition21.fr\/wp-content\/uploads\/2024\/10\/Action-2-1024x681.jpg",1024,681,true],"1536x1536":["https:\/\/ambition21.fr\/wp-content\/uploads\/2024\/10\/Action-2-1536x1022.jpg",1536,1022,true],"2048x2048":["https:\/\/ambition21.fr\/wp-content\/uploads\/2024\/10\/Action-2-2048x1363.jpg",2048,1363,true]},"uagb_author_info":{"display_name":"Clarisse Perquin","author_link":"https:\/\/ambition21.fr\/?author=2"},"uagb_comment_info":0,"uagb_excerpt":"Objectifs vis\u00e9s, r\u00e9sultats attendus de l&rsquo;action Axe 1 &#8211; Ressources num\u00e9riques pour personnaliser les apprentissages Axe 2 &#8211; Environnements immersifs [&hellip;]","_links":{"self":[{"href":"https:\/\/ambition21.fr\/index.php?rest_route=\/wp\/v2\/pages\/57","targetHints":{"allow":["GET"]}}],"collection":[{"href":"https:\/\/ambition21.fr\/index.php?rest_route=\/wp\/v2\/pages"}],"about":[{"href":"https:\/\/ambition21.fr\/index.php?rest_route=\/wp\/v2\/types\/page"}],"author":[{"embeddable":true,"href":"https:\/\/ambition21.fr\/index.php?rest_route=\/wp\/v2\/users\/2"}],"replies":[{"embeddable":true,"href":"https:\/\/ambition21.fr\/index.php?rest_route=%2Fwp%2Fv2%2Fcomments&post=57"}],"version-history":[{"count":11,"href":"https:\/\/ambition21.fr\/index.php?rest_route=\/wp\/v2\/pages\/57\/revisions"}],"predecessor-version":[{"id":603,"href":"https:\/\/ambition21.fr\/index.php?rest_route=\/wp\/v2\/pages\/57\/revisions\/603"}],"wp:featuredmedia":[{"embeddable":true,"href":"https:\/\/ambition21.fr\/index.php?rest_route=\/wp\/v2\/media\/319"}],"wp:attachment":[{"href":"https:\/\/ambition21.fr\/index.php?rest_route=%2Fwp%2Fv2%2Fmedia&parent=57"}],"curies":[{"name":"wp","href":"https:\/\/api.w.org\/{rel}","templated":true}]}}