{"id":59,"date":"2024-10-06T15:32:28","date_gmt":"2024-10-06T15:32:28","guid":{"rendered":"https:\/\/ambition21.fr\/?page_id=59"},"modified":"2025-02-06T10:12:42","modified_gmt":"2025-02-06T10:12:42","slug":"action-3-ouverture-internationale","status":"publish","type":"page","link":"https:\/\/ambition21.fr\/?page_id=59","title":{"rendered":"Action 3 : Ouverture internationale"},"content":{"rendered":"\n<h3 class=\"wp-block-heading\"><strong>Objectifs vis\u00e9s, r\u00e9sultats attendus de l&rsquo;action<\/strong><\/h3>\n\n\n\n<h4 class=\"wp-block-heading\">Axe 1 &#8211; Valorisation du projet dans les salons internationaux<\/h4>\n\n\n\n<ul class=\"wp-block-list\">\n<li>Valoriser le projet les axes du projet \u00e0 l&rsquo;international<\/li>\n\n\n\n<li>Assurer une veille sur les ressources p\u00e9dagogiques num\u00e9riques utiles pour la pr\u00e9vention du d\u00e9crochage scolaire<\/li>\n\n\n\n<li>Placer les \u00e9l\u00e8ves grands t\u00e9moins en activit\u00e9 pour susciter un engagement fort<\/li>\n\n\n\n<li>Encourager l&rsquo;ouverture.<\/li>\n<\/ul>\n\n\n\n<h4 class=\"wp-block-heading\">Axe 2 &#8211; Accompagnement vers la poursuite d&rsquo;\u00e9tudes et l&rsquo;entr\u00e9e dans le monde professionnel<\/h4>\n\n\n\n<ul class=\"wp-block-list\">\n<li>Promouvoir des m\u00e9tiers embl\u00e9matiques des territoires<\/li>\n\n\n\n<li>Exp\u00e9rimenter des technologies tr\u00e8s pionni\u00e8res dans le domaine de l&rsquo;\u00c9ducation nationale<\/li>\n\n\n\n<li>Analyser l&rsquo;efficacit\u00e9 de ces technologies par des retours d&rsquo;exp\u00e9rience<\/li>\n\n\n\n<li>Valoriser les comp\u00e9tences des \u00e9l\u00e8ves plus finement pour soutenir leur motivation.<\/li>\n<\/ul>\n\n\n\n<figure class=\"wp-block-image aligncenter size-large is-resized\"><img loading=\"lazy\" decoding=\"async\" width=\"1024\" height=\"27\" src=\"https:\/\/ambition21.fr\/wp-content\/uploads\/2024\/10\/bande-couleur-1024x27.png\" alt=\"\" class=\"wp-image-295\" style=\"width:1200px;height:auto\" srcset=\"https:\/\/ambition21.fr\/wp-content\/uploads\/2024\/10\/bande-couleur-1024x27.png 1024w, https:\/\/ambition21.fr\/wp-content\/uploads\/2024\/10\/bande-couleur-300x8.png 300w, https:\/\/ambition21.fr\/wp-content\/uploads\/2024\/10\/bande-couleur-768x20.png 768w, https:\/\/ambition21.fr\/wp-content\/uploads\/2024\/10\/bande-couleur-1536x40.png 1536w, https:\/\/ambition21.fr\/wp-content\/uploads\/2024\/10\/bande-couleur-2048x53.png 2048w\" sizes=\"auto, (max-width: 1024px) 100vw, 1024px\" \/><\/figure>\n\n\n\n<h3 class=\"wp-block-heading\"><strong>Moyens pr\u00e9vus et modalit\u00e9s de mise en \u0153uvre de l&rsquo;action<\/strong><\/h3>\n\n\n\n<ul class=\"wp-block-list\">\n<li>Organisation de d\u00e9placements et d&rsquo;activit\u00e9s dans les salons internationaux<\/li>\n\n\n\n<li>Ing\u00e9nierie p\u00e9dagogique des d\u00e9placements<\/li>\n\n\n\n<li>Accompagnement<\/li>\n\n\n\n<li>Groupe de travail<\/li>\n\n\n\n<li>R\u00e9alisation de vid\u00e9os 360\u00b0 de d\u00e9couverte des m\u00e9tiers<\/li>\n\n\n\n<li>Capsules de R\u00e9alit\u00e9 Virtuelle<\/li>\n\n\n\n<li>Valorisation de comp\u00e9tences<\/li>\n\n\n\n<li>Accompagnement par des associations de s\u00e9niors.<\/li>\n<\/ul>\n\n\n\n<p><\/p>\n","protected":false},"excerpt":{"rendered":"<p>Objectifs vis\u00e9s, r\u00e9sultats attendus de l&rsquo;action Axe 1 &#8211; Valorisation du projet dans les salons internationaux Axe 2 &#8211; Accompagnement [&hellip;]<\/p>\n","protected":false},"author":2,"featured_media":320,"parent":0,"menu_order":0,"comment_status":"closed","ping_status":"closed","template":"","meta":{"_uag_custom_page_level_css":"","site-sidebar-layout":"default","site-content-layout":"","ast-site-content-layout":"","site-content-style":"default","site-sidebar-style":"default","ast-global-header-display":"","ast-banner-title-visibility":"","ast-main-header-display":"","ast-hfb-above-header-display":"","ast-hfb-below-header-display":"","ast-hfb-mobile-header-display":"","site-post-title":"","ast-breadcrumbs-content":"","ast-featured-img":"","footer-sml-layout":"","theme-transparent-header-meta":"","adv-header-id-meta":"","stick-header-meta":"","header-above-stick-meta":"","header-main-stick-meta":"","header-below-stick-meta":"","astra-migrate-meta-layouts":"default","ast-page-background-enabled":"default","ast-page-background-meta":{"desktop":{"background-color":"var(--ast-global-color-4)","background-image":"","background-repeat":"repeat","background-position":"center center","background-size":"auto","background-attachment":"scroll","background-type":"","background-media":"","overlay-type":"","overlay-color":"","overlay-opacity":"","overlay-gradient":""},"tablet":{"background-color":"","background-image":"","background-repeat":"repeat","background-position":"center center","background-size":"auto","background-attachment":"scroll","background-type":"","background-media":"","overlay-type":"","overlay-color":"","overlay-opacity":"","overlay-gradient":""},"mobile":{"background-color":"","background-image":"","background-repeat":"repeat","background-position":"center center","background-size":"auto","background-attachment":"scroll","background-type":"","background-media":"","overlay-type":"","overlay-color":"","overlay-opacity":"","overlay-gradient":""}},"ast-content-background-meta":{"desktop":{"background-color":"var(--ast-global-color-5)","background-image":"","background-repeat":"repeat","background-position":"center center","background-size":"auto","background-attachment":"scroll","background-type":"","background-media":"","overlay-type":"","overlay-color":"","overlay-opacity":"","overlay-gradient":""},"tablet":{"background-color":"var(--ast-global-color-5)","background-image":"","background-repeat":"repeat","background-position":"center center","background-size":"auto","background-attachment":"scroll","background-type":"","background-media":"","overlay-type":"","overlay-color":"","overlay-opacity":"","overlay-gradient":""},"mobile":{"background-color":"var(--ast-global-color-5)","background-image":"","background-repeat":"repeat","background-position":"center center","background-size":"auto","background-attachment":"scroll","background-type":"","background-media":"","overlay-type":"","overlay-color":"","overlay-opacity":"","overlay-gradient":""}},"footnotes":""},"class_list":["post-59","page","type-page","status-publish","has-post-thumbnail","hentry"],"yoast_head":"<!-- This site is optimized with the Yoast SEO plugin v24.5 - https:\/\/yoast.com\/wordpress\/plugins\/seo\/ -->\n<title>Action 3 : Ouverture internationale -<\/title>\n<meta name=\"robots\" content=\"index, follow, max-snippet:-1, max-image-preview:large, max-video-preview:-1\" \/>\n<link rel=\"canonical\" href=\"https:\/\/ambition21.fr\/?page_id=59\" \/>\n<meta property=\"og:locale\" content=\"fr_FR\" \/>\n<meta property=\"og:type\" content=\"article\" \/>\n<meta property=\"og:title\" content=\"Action 3 : Ouverture internationale -\" \/>\n<meta property=\"og:description\" content=\"Objectifs vis\u00e9s, r\u00e9sultats attendus de l&rsquo;action Axe 1 &#8211; Valorisation du projet dans les salons internationaux Axe 2 &#8211; Accompagnement [&hellip;]\" \/>\n<meta property=\"og:url\" content=\"https:\/\/ambition21.fr\/?page_id=59\" \/>\n<meta property=\"article:modified_time\" content=\"2025-02-06T10:12:42+00:00\" \/>\n<meta property=\"og:image\" content=\"https:\/\/ambition21.fr\/wp-content\/uploads\/2024\/10\/3.png\" \/>\n\t<meta property=\"og:image:width\" content=\"1366\" \/>\n\t<meta property=\"og:image:height\" content=\"768\" \/>\n\t<meta property=\"og:image:type\" content=\"image\/png\" \/>\n<meta name=\"twitter:card\" content=\"summary_large_image\" \/>\n<meta name=\"twitter:label1\" content=\"Dur\u00e9e de lecture estim\u00e9e\" \/>\n\t<meta name=\"twitter:data1\" content=\"2 minutes\" \/>\n<script type=\"application\/ld+json\" class=\"yoast-schema-graph\">{\"@context\":\"https:\/\/schema.org\",\"@graph\":[{\"@type\":\"WebPage\",\"@id\":\"https:\/\/ambition21.fr\/?page_id=59\",\"url\":\"https:\/\/ambition21.fr\/?page_id=59\",\"name\":\"Action 3 : Ouverture internationale -\",\"isPartOf\":{\"@id\":\"https:\/\/ambition21.fr\/#website\"},\"primaryImageOfPage\":{\"@id\":\"https:\/\/ambition21.fr\/?page_id=59#primaryimage\"},\"image\":{\"@id\":\"https:\/\/ambition21.fr\/?page_id=59#primaryimage\"},\"thumbnailUrl\":\"https:\/\/ambition21.fr\/wp-content\/uploads\/2024\/10\/3.png\",\"datePublished\":\"2024-10-06T15:32:28+00:00\",\"dateModified\":\"2025-02-06T10:12:42+00:00\",\"breadcrumb\":{\"@id\":\"https:\/\/ambition21.fr\/?page_id=59#breadcrumb\"},\"inLanguage\":\"fr-FR\",\"potentialAction\":[{\"@type\":\"ReadAction\",\"target\":[\"https:\/\/ambition21.fr\/?page_id=59\"]}]},{\"@type\":\"ImageObject\",\"inLanguage\":\"fr-FR\",\"@id\":\"https:\/\/ambition21.fr\/?page_id=59#primaryimage\",\"url\":\"https:\/\/ambition21.fr\/wp-content\/uploads\/2024\/10\/3.png\",\"contentUrl\":\"https:\/\/ambition21.fr\/wp-content\/uploads\/2024\/10\/3.png\",\"width\":1366,\"height\":768},{\"@type\":\"BreadcrumbList\",\"@id\":\"https:\/\/ambition21.fr\/?page_id=59#breadcrumb\",\"itemListElement\":[{\"@type\":\"ListItem\",\"position\":1,\"name\":\"Accueil\",\"item\":\"https:\/\/ambition21.fr\/\"},{\"@type\":\"ListItem\",\"position\":2,\"name\":\"Action 3 : Ouverture internationale\"}]},{\"@type\":\"WebSite\",\"@id\":\"https:\/\/ambition21.fr\/#website\",\"url\":\"https:\/\/ambition21.fr\/\",\"name\":\"Ambition 21\",\"description\":\"Former tous les talents aux comp\u00e9tences du 21\u00e8me s\u00e8cle\",\"publisher\":{\"@id\":\"https:\/\/ambition21.fr\/#organization\"},\"potentialAction\":[{\"@type\":\"SearchAction\",\"target\":{\"@type\":\"EntryPoint\",\"urlTemplate\":\"https:\/\/ambition21.fr\/?s={search_term_string}\"},\"query-input\":{\"@type\":\"PropertyValueSpecification\",\"valueRequired\":true,\"valueName\":\"search_term_string\"}}],\"inLanguage\":\"fr-FR\"},{\"@type\":\"Organization\",\"@id\":\"https:\/\/ambition21.fr\/#organization\",\"name\":\"Ambition 21\",\"url\":\"https:\/\/ambition21.fr\/\",\"logo\":{\"@type\":\"ImageObject\",\"inLanguage\":\"fr-FR\",\"@id\":\"https:\/\/ambition21.fr\/#\/schema\/logo\/image\/\",\"url\":\"https:\/\/ambition21.fr\/wp-content\/uploads\/2024\/10\/cropped-logo-site-1.png\",\"contentUrl\":\"https:\/\/ambition21.fr\/wp-content\/uploads\/2024\/10\/cropped-logo-site-1.png\",\"width\":743,\"height\":136,\"caption\":\"Ambition 21\"},\"image\":{\"@id\":\"https:\/\/ambition21.fr\/#\/schema\/logo\/image\/\"}}]}<\/script>\n<!-- \/ Yoast SEO plugin. -->","yoast_head_json":{"title":"Action 3 : Ouverture internationale -","robots":{"index":"index","follow":"follow","max-snippet":"max-snippet:-1","max-image-preview":"max-image-preview:large","max-video-preview":"max-video-preview:-1"},"canonical":"https:\/\/ambition21.fr\/?page_id=59","og_locale":"fr_FR","og_type":"article","og_title":"Action 3 : Ouverture internationale -","og_description":"Objectifs vis\u00e9s, r\u00e9sultats attendus de l&rsquo;action Axe 1 &#8211; Valorisation du projet dans les salons internationaux Axe 2 &#8211; Accompagnement [&hellip;]","og_url":"https:\/\/ambition21.fr\/?page_id=59","article_modified_time":"2025-02-06T10:12:42+00:00","og_image":[{"width":1366,"height":768,"url":"https:\/\/ambition21.fr\/wp-content\/uploads\/2024\/10\/3.png","type":"image\/png"}],"twitter_card":"summary_large_image","twitter_misc":{"Dur\u00e9e de lecture estim\u00e9e":"2 minutes"},"schema":{"@context":"https:\/\/schema.org","@graph":[{"@type":"WebPage","@id":"https:\/\/ambition21.fr\/?page_id=59","url":"https:\/\/ambition21.fr\/?page_id=59","name":"Action 3 : Ouverture internationale -","isPartOf":{"@id":"https:\/\/ambition21.fr\/#website"},"primaryImageOfPage":{"@id":"https:\/\/ambition21.fr\/?page_id=59#primaryimage"},"image":{"@id":"https:\/\/ambition21.fr\/?page_id=59#primaryimage"},"thumbnailUrl":"https:\/\/ambition21.fr\/wp-content\/uploads\/2024\/10\/3.png","datePublished":"2024-10-06T15:32:28+00:00","dateModified":"2025-02-06T10:12:42+00:00","breadcrumb":{"@id":"https:\/\/ambition21.fr\/?page_id=59#breadcrumb"},"inLanguage":"fr-FR","potentialAction":[{"@type":"ReadAction","target":["https:\/\/ambition21.fr\/?page_id=59"]}]},{"@type":"ImageObject","inLanguage":"fr-FR","@id":"https:\/\/ambition21.fr\/?page_id=59#primaryimage","url":"https:\/\/ambition21.fr\/wp-content\/uploads\/2024\/10\/3.png","contentUrl":"https:\/\/ambition21.fr\/wp-content\/uploads\/2024\/10\/3.png","width":1366,"height":768},{"@type":"BreadcrumbList","@id":"https:\/\/ambition21.fr\/?page_id=59#breadcrumb","itemListElement":[{"@type":"ListItem","position":1,"name":"Accueil","item":"https:\/\/ambition21.fr\/"},{"@type":"ListItem","position":2,"name":"Action 3 : Ouverture internationale"}]},{"@type":"WebSite","@id":"https:\/\/ambition21.fr\/#website","url":"https:\/\/ambition21.fr\/","name":"Ambition 21","description":"Former tous les talents aux comp\u00e9tences du 21\u00e8me s\u00e8cle","publisher":{"@id":"https:\/\/ambition21.fr\/#organization"},"potentialAction":[{"@type":"SearchAction","target":{"@type":"EntryPoint","urlTemplate":"https:\/\/ambition21.fr\/?s={search_term_string}"},"query-input":{"@type":"PropertyValueSpecification","valueRequired":true,"valueName":"search_term_string"}}],"inLanguage":"fr-FR"},{"@type":"Organization","@id":"https:\/\/ambition21.fr\/#organization","name":"Ambition 21","url":"https:\/\/ambition21.fr\/","logo":{"@type":"ImageObject","inLanguage":"fr-FR","@id":"https:\/\/ambition21.fr\/#\/schema\/logo\/image\/","url":"https:\/\/ambition21.fr\/wp-content\/uploads\/2024\/10\/cropped-logo-site-1.png","contentUrl":"https:\/\/ambition21.fr\/wp-content\/uploads\/2024\/10\/cropped-logo-site-1.png","width":743,"height":136,"caption":"Ambition 21"},"image":{"@id":"https:\/\/ambition21.fr\/#\/schema\/logo\/image\/"}}]}},"uagb_featured_image_src":{"full":["https:\/\/ambition21.fr\/wp-content\/uploads\/2024\/10\/3.png",1366,768,false],"thumbnail":["https:\/\/ambition21.fr\/wp-content\/uploads\/2024\/10\/3-150x150.png",150,150,true],"medium":["https:\/\/ambition21.fr\/wp-content\/uploads\/2024\/10\/3-300x169.png",300,169,true],"medium_large":["https:\/\/ambition21.fr\/wp-content\/uploads\/2024\/10\/3-768x432.png",768,432,true],"large":["https:\/\/ambition21.fr\/wp-content\/uploads\/2024\/10\/3-1024x576.png",1024,576,true],"1536x1536":["https:\/\/ambition21.fr\/wp-content\/uploads\/2024\/10\/3.png",1366,768,false],"2048x2048":["https:\/\/ambition21.fr\/wp-content\/uploads\/2024\/10\/3.png",1366,768,false]},"uagb_author_info":{"display_name":"Clarisse Perquin","author_link":"https:\/\/ambition21.fr\/?author=2"},"uagb_comment_info":0,"uagb_excerpt":"Objectifs vis\u00e9s, r\u00e9sultats attendus de l&rsquo;action Axe 1 &#8211; Valorisation du projet dans les salons internationaux Axe 2 &#8211; Accompagnement [&hellip;]","_links":{"self":[{"href":"https:\/\/ambition21.fr\/index.php?rest_route=\/wp\/v2\/pages\/59","targetHints":{"allow":["GET"]}}],"collection":[{"href":"https:\/\/ambition21.fr\/index.php?rest_route=\/wp\/v2\/pages"}],"about":[{"href":"https:\/\/ambition21.fr\/index.php?rest_route=\/wp\/v2\/types\/page"}],"author":[{"embeddable":true,"href":"https:\/\/ambition21.fr\/index.php?rest_route=\/wp\/v2\/users\/2"}],"replies":[{"embeddable":true,"href":"https:\/\/ambition21.fr\/index.php?rest_route=%2Fwp%2Fv2%2Fcomments&post=59"}],"version-history":[{"count":9,"href":"https:\/\/ambition21.fr\/index.php?rest_route=\/wp\/v2\/pages\/59\/revisions"}],"predecessor-version":[{"id":604,"href":"https:\/\/ambition21.fr\/index.php?rest_route=\/wp\/v2\/pages\/59\/revisions\/604"}],"wp:featuredmedia":[{"embeddable":true,"href":"https:\/\/ambition21.fr\/index.php?rest_route=\/wp\/v2\/media\/320"}],"wp:attachment":[{"href":"https:\/\/ambition21.fr\/index.php?rest_route=%2Fwp%2Fv2%2Fmedia&parent=59"}],"curies":[{"name":"wp","href":"https:\/\/api.w.org\/{rel}","templated":true}]}}